{"id":695,"date":"2024-03-20T18:28:02","date_gmt":"2024-03-20T17:28:02","guid":{"rendered":"https:\/\/forum.ncdalliance.org\/?page_id=695"},"modified":"2026-01-29T17:49:31","modified_gmt":"2026-01-29T16:49:31","slug":"about-rwanda","status":"publish","type":"page","link":"https:\/\/forum.ncdalliance.org\/es\/about-rwanda\/","title":{"rendered":"Sobre Ruanda"},"content":{"rendered":"<div data-elementor-type=\"wp-page\" data-elementor-id=\"695\" class=\"elementor elementor-695\" data-elementor-post-type=\"page\">\n\t\t\t\t<div class=\"elementor-element elementor-element-3334472 e-flex e-con-boxed e-con e-parent\" data-id=\"3334472\" data-element_type=\"container\">\n\t\t\t\t\t<div class=\"e-con-inner\">\n\t\t\t\t<div class=\"elementor-element elementor-element-e2e0beb elementor-widget elementor-widget-text-editor\" data-id=\"e2e0beb\" data-element_type=\"widget\" data-widget_type=\"text-editor.default\">\n\t\t\t\t<div class=\"elementor-widget-container\">\n\t\t\t\t\t\t\t\t\t<h5>Conocida como la tierra de las mil colinas, los impresionantes paisajes de Ruanda y su gente c\u00e1lida y amigable ofrecen experiencias \u00fanicas en uno de los pa\u00edses m\u00e1s extraordinarios del mundo.<\/h5>\t\t\t\t\t\t\t\t<\/div>\n\t\t\t\t<\/div>\n\t\t\t\t\t<\/div>\n\t\t\t\t<\/div>\n\t\t<div class=\"elementor-element elementor-element-e3c75f9 e-flex e-con-boxed e-con e-parent\" data-id=\"e3c75f9\" data-element_type=\"container\">\n\t\t\t\t\t<div class=\"e-con-inner\">\n\t\t\t\t<div class=\"elementor-element elementor-element-46540ed elementor-widget elementor-widget-heading\" data-id=\"46540ed\" data-element_type=\"widget\" data-widget_type=\"heading.default\">\n\t\t\t\t<div class=\"elementor-widget-container\">\n\t\t\t\t\t<h2 class=\"elementor-heading-title elementor-size-default\">RUANDA, UNA UBICACI\u00d3N ESTRAT\u00c9GICA<\/h2>\t\t\t\t<\/div>\n\t\t\t\t<\/div>\n\t\t\t\t<div class=\"elementor-element elementor-element-d6dc16e elementor-widget elementor-widget-text-editor\" data-id=\"d6dc16e\" data-element_type=\"widget\" data-widget_type=\"text-editor.default\">\n\t\t\t\t<div class=\"elementor-widget-container\">\n\t\t\t\t\t\t\t\t\t<p>For the first time, the Forum was held in sub-Saharan Africa, a region at the epicentre of the global epidemic of noncommunicable diseases (NCDs). Here, deaths from NCDs are on the increase and are expected to surpass HIV and AIDS, tuberculosis, and maternal mortality as the leading cause of death by 2030. In Rwanda specifically, NCDs were responsible for 50% of total deaths in 2022, according to the World Health Organization.<\/p><p>Sin embargo, Ruanda se ha posicionado como un modelo de vanguardia en salud y ENT, tanto dentro de la regi\u00f3n como a nivel mundial. Imponiendo reformas pioneras en la cobertura sanitaria universal, implementando su Estrategia Nacional de ENT 2020-2025 y descentralizando la atenci\u00f3n de las ENT a los centros de salud.<\/p><p>Su enfoque integral y multisectorial re\u00fane a los ministerios gubernamentales responsables del deporte, la alimentaci\u00f3n y la nutrici\u00f3n, el comercio, el medio ambiente, la educaci\u00f3n y a los gobiernos locales, al tiempo que desarrolla la capacidad de las y los trabajadores sanitarios de primera l\u00ednea como una inversi\u00f3n a largo plazo para un futuro m\u00e1s saludable.<\/p><p>Hosting the Forum in Rwanda was an opportunity to promote good practice and leadership on NCDs, as well as building momentum on NCDs within the region.<\/p>\t\t\t\t\t\t\t\t<\/div>\n\t\t\t\t<\/div>\n\t\t\t\t\t<\/div>\n\t\t\t\t<\/div>\n\t\t<div class=\"elementor-element elementor-element-6044da2 e-flex e-con-boxed e-con e-parent\" data-id=\"6044da2\" data-element_type=\"container\">\n\t\t\t\t\t<div class=\"e-con-inner\">\n\t\t\t\t<div class=\"elementor-element elementor-element-a4277ec elementor-widget elementor-widget-heading\" data-id=\"a4277ec\" data-element_type=\"widget\" data-widget_type=\"heading.default\">\n\t\t\t\t<div class=\"elementor-widget-container\">\n\t\t\t\t\t<h2 class=\"elementor-heading-title elementor-size-default\">Kigali<\/h2>\t\t\t\t<\/div>\n\t\t\t\t<\/div>\n\t\t\t\t<div class=\"elementor-element elementor-element-22f2a3c elementor-widget elementor-widget-text-editor\" data-id=\"22f2a3c\" data-element_type=\"widget\" data-widget_type=\"text-editor.default\">\n\t\t\t\t<div class=\"elementor-widget-container\">\n\t\t\t\t\t\t\t\t\t<p>Ruanda posee una biodiversidad extraordinaria, con una vida salvaje incre\u00edble que vive en sus volcanes, bosques tropicales de monta\u00f1a y en las amplias llanuras.<\/p><p>Su capital verde, Kigali, es conocida por su seguridad y es din\u00e1mica y progresista, con poco m\u00e1s de un mill\u00f3n de habitantes. La capital de Ruanda est\u00e1 clasificada como el segundo destino m\u00e1s popular de \u00c1frica para albergar conferencias y eventos internacionales seg\u00fan la Asociaci\u00f3n Internacional de Congresos y Convenciones (ICCA).<\/p><p>The Forum was hosted at the iconic Kigali Convention Centre (KCC) \u2013 one of the largest conference and events spaces in the region. Conveniently located close to Kigali airport, KCC offers a premium environment for regional and international conventions, exhibitions, festivals, meetings and other events.<\/p>\t\t\t\t\t\t\t\t<\/div>\n\t\t\t\t<\/div>\n\t\t\t\t\t<\/div>\n\t\t\t\t<\/div>\n\t\t\t\t<\/div>","protected":false},"excerpt":{"rendered":"<p>In 2025, the Global NCDA Forum was hosted in Kigali, Rwanda, a long-standing leader on successfully tackling public health issues in Africa.<\/p>","protected":false},"author":1,"featured_media":87,"parent":0,"menu_order":0,"comment_status":"closed","ping_status":"closed","template":"","meta":{"footnotes":""},"class_list":["post-695","page","type-page","status-publish","has-post-thumbnail","hentry"],"yoast_head":"<!-- This site is optimized with the Yoast SEO plugin v26.3 - https:\/\/yoast.com\/wordpress\/plugins\/seo\/ -->\n<title>About Rwanda - 4th Global NCD Alliance Forum<\/title>\n<meta name=\"description\" content=\"In 2025, the Global NCDA Forum was hosted in Kigali, Rwanda, a long-standing leader on successfully tackling public health issues in Africa.\" \/>\n<meta name=\"robots\" content=\"index, follow, max-snippet:-1, max-image-preview:large, max-video-preview:-1\" \/>\n<link rel=\"canonical\" href=\"https:\/\/forum.ncdalliance.org\/es\/about-rwanda\/\" \/>\n<meta property=\"og:locale\" content=\"es_ES\" \/>\n<meta property=\"og:type\" content=\"article\" \/>\n<meta property=\"og:title\" content=\"About Rwanda - 4th Global NCD Alliance Forum\" \/>\n<meta property=\"og:description\" content=\"In 2025, the Global NCDA Forum was hosted in Kigali, Rwanda, a long-standing leader on successfully tackling public health issues in Africa.\" \/>\n<meta property=\"og:url\" content=\"https:\/\/forum.ncdalliance.org\/es\/about-rwanda\/\" \/>\n<meta property=\"og:site_name\" content=\"4th Global NCD Alliance Forum\" \/>\n<meta property=\"article:publisher\" content=\"https:\/\/www.facebook.com\/ncdalliance\" \/>\n<meta property=\"article:modified_time\" content=\"2026-01-29T16:49:31+00:00\" \/>\n<meta property=\"og:image\" content=\"https:\/\/forum.ncdalliance.org\/wp-content\/uploads\/2024\/02\/Kigali_CC-img-9447_1_orig.jpeg\" \/>\n\t<meta property=\"og:image:width\" content=\"1100\" \/>\n\t<meta property=\"og:image:height\" content=\"733\" \/>\n\t<meta property=\"og:image:type\" content=\"image\/jpeg\" \/>\n<meta name=\"twitter:card\" content=\"summary_large_image\" \/>\n<meta name=\"twitter:site\" content=\"@ncdalliance\" \/>\n<meta name=\"twitter:label1\" content=\"Tiempo de lectura\" \/>\n\t<meta name=\"twitter:data1\" content=\"2 minutos\" \/>\n<script type=\"application\/ld+json\" class=\"yoast-schema-graph\">{\"@context\":\"https:\/\/schema.org\",\"@graph\":[{\"@type\":\"WebPage\",\"@id\":\"https:\/\/forum.ncdalliance.org\/about-rwanda\/\",\"url\":\"https:\/\/forum.ncdalliance.org\/about-rwanda\/\",\"name\":\"About Rwanda - 4th Global NCD Alliance Forum\",\"isPartOf\":{\"@id\":\"https:\/\/forum.ncdalliance.org\/#website\"},\"primaryImageOfPage\":{\"@id\":\"https:\/\/forum.ncdalliance.org\/about-rwanda\/#primaryimage\"},\"image\":{\"@id\":\"https:\/\/forum.ncdalliance.org\/about-rwanda\/#primaryimage\"},\"thumbnailUrl\":\"https:\/\/forum.ncdalliance.org\/wp-content\/uploads\/2024\/02\/Kigali_CC-img-9447_1_orig.jpeg\",\"datePublished\":\"2024-03-20T17:28:02+00:00\",\"dateModified\":\"2026-01-29T16:49:31+00:00\",\"description\":\"In 2025, the Global NCDA Forum was hosted in Kigali, Rwanda, a long-standing leader on successfully tackling public health issues in Africa.\",\"breadcrumb\":{\"@id\":\"https:\/\/forum.ncdalliance.org\/about-rwanda\/#breadcrumb\"},\"inLanguage\":\"es\",\"potentialAction\":[{\"@type\":\"ReadAction\",\"target\":[\"https:\/\/forum.ncdalliance.org\/about-rwanda\/\"]}]},{\"@type\":\"ImageObject\",\"inLanguage\":\"es\",\"@id\":\"https:\/\/forum.ncdalliance.org\/about-rwanda\/#primaryimage\",\"url\":\"https:\/\/forum.ncdalliance.org\/wp-content\/uploads\/2024\/02\/Kigali_CC-img-9447_1_orig.jpeg\",\"contentUrl\":\"https:\/\/forum.ncdalliance.org\/wp-content\/uploads\/2024\/02\/Kigali_CC-img-9447_1_orig.jpeg\",\"width\":1100,\"height\":733,\"caption\":\"Kigali Convention Center\"},{\"@type\":\"BreadcrumbList\",\"@id\":\"https:\/\/forum.ncdalliance.org\/about-rwanda\/#breadcrumb\",\"itemListElement\":[{\"@type\":\"ListItem\",\"position\":1,\"name\":\"Home\",\"item\":\"https:\/\/forum.ncdalliance.org\/\"},{\"@type\":\"ListItem\",\"position\":2,\"name\":\"About Rwanda\"}]},{\"@type\":\"WebSite\",\"@id\":\"https:\/\/forum.ncdalliance.org\/#website\",\"url\":\"https:\/\/forum.ncdalliance.org\/\",\"name\":\"2024 Global NCD Alliance Forum\",\"description\":\"\",\"publisher\":{\"@id\":\"https:\/\/forum.ncdalliance.org\/#organization\"},\"potentialAction\":[{\"@type\":\"SearchAction\",\"target\":{\"@type\":\"EntryPoint\",\"urlTemplate\":\"https:\/\/forum.ncdalliance.org\/?s={search_term_string}\"},\"query-input\":{\"@type\":\"PropertyValueSpecification\",\"valueRequired\":true,\"valueName\":\"search_term_string\"}}],\"inLanguage\":\"es\"},{\"@type\":\"Organization\",\"@id\":\"https:\/\/forum.ncdalliance.org\/#organization\",\"name\":\"2024 Global NCD Alliance Forum\",\"url\":\"https:\/\/forum.ncdalliance.org\/\",\"logo\":{\"@type\":\"ImageObject\",\"inLanguage\":\"es\",\"@id\":\"https:\/\/forum.ncdalliance.org\/#\/schema\/logo\/image\/\",\"url\":\"https:\/\/forum.ncdalliance.org\/wp-content\/uploads\/2024\/10\/GF2025-logo-1300x584-EN.png\",\"contentUrl\":\"https:\/\/forum.ncdalliance.org\/wp-content\/uploads\/2024\/10\/GF2025-logo-1300x584-EN.png\",\"width\":1300,\"height\":584,\"caption\":\"2024 Global NCD Alliance Forum\"},\"image\":{\"@id\":\"https:\/\/forum.ncdalliance.org\/#\/schema\/logo\/image\/\"},\"sameAs\":[\"https:\/\/www.facebook.com\/ncdalliance\",\"https:\/\/x.com\/ncdalliance\",\"https:\/\/www.linkedin.com\/company\/ncd-alliance\",\"https:\/\/www.youtube.com\/c\/NCDAllianceOrg\",\"https:\/\/www.instagram.com\/ncdalliance\",\"https:\/\/www.tiktok.com\/@ncdalliance\"]}]}<\/script>\n<!-- \/ Yoast SEO plugin. -->","yoast_head_json":{"title":"About Rwanda - 4th Global NCD Alliance Forum","description":"In 2025, the Global NCDA Forum was hosted in Kigali, Rwanda, a long-standing leader on successfully tackling public health issues in Africa.","robots":{"index":"index","follow":"follow","max-snippet":"max-snippet:-1","max-image-preview":"max-image-preview:large","max-video-preview":"max-video-preview:-1"},"canonical":"https:\/\/forum.ncdalliance.org\/es\/about-rwanda\/","og_locale":"es_ES","og_type":"article","og_title":"About Rwanda - 4th Global NCD Alliance Forum","og_description":"In 2025, the Global NCDA Forum was hosted in Kigali, Rwanda, a long-standing leader on successfully tackling public health issues in Africa.","og_url":"https:\/\/forum.ncdalliance.org\/es\/about-rwanda\/","og_site_name":"4th Global NCD Alliance Forum","article_publisher":"https:\/\/www.facebook.com\/ncdalliance","article_modified_time":"2026-01-29T16:49:31+00:00","og_image":[{"width":1100,"height":733,"url":"https:\/\/forum.ncdalliance.org\/wp-content\/uploads\/2024\/02\/Kigali_CC-img-9447_1_orig.jpeg","type":"image\/jpeg"}],"twitter_card":"summary_large_image","twitter_site":"@ncdalliance","twitter_misc":{"Tiempo de lectura":"2 minutos"},"schema":{"@context":"https:\/\/schema.org","@graph":[{"@type":"WebPage","@id":"https:\/\/forum.ncdalliance.org\/about-rwanda\/","url":"https:\/\/forum.ncdalliance.org\/about-rwanda\/","name":"About Rwanda - 4th Global NCD Alliance Forum","isPartOf":{"@id":"https:\/\/forum.ncdalliance.org\/#website"},"primaryImageOfPage":{"@id":"https:\/\/forum.ncdalliance.org\/about-rwanda\/#primaryimage"},"image":{"@id":"https:\/\/forum.ncdalliance.org\/about-rwanda\/#primaryimage"},"thumbnailUrl":"https:\/\/forum.ncdalliance.org\/wp-content\/uploads\/2024\/02\/Kigali_CC-img-9447_1_orig.jpeg","datePublished":"2024-03-20T17:28:02+00:00","dateModified":"2026-01-29T16:49:31+00:00","description":"In 2025, the Global NCDA Forum was hosted in Kigali, Rwanda, a long-standing leader on successfully tackling public health issues in Africa.","breadcrumb":{"@id":"https:\/\/forum.ncdalliance.org\/about-rwanda\/#breadcrumb"},"inLanguage":"es","potentialAction":[{"@type":"ReadAction","target":["https:\/\/forum.ncdalliance.org\/about-rwanda\/"]}]},{"@type":"ImageObject","inLanguage":"es","@id":"https:\/\/forum.ncdalliance.org\/about-rwanda\/#primaryimage","url":"https:\/\/forum.ncdalliance.org\/wp-content\/uploads\/2024\/02\/Kigali_CC-img-9447_1_orig.jpeg","contentUrl":"https:\/\/forum.ncdalliance.org\/wp-content\/uploads\/2024\/02\/Kigali_CC-img-9447_1_orig.jpeg","width":1100,"height":733,"caption":"Kigali Convention Center"},{"@type":"BreadcrumbList","@id":"https:\/\/forum.ncdalliance.org\/about-rwanda\/#breadcrumb","itemListElement":[{"@type":"ListItem","position":1,"name":"Home","item":"https:\/\/forum.ncdalliance.org\/"},{"@type":"ListItem","position":2,"name":"About Rwanda"}]},{"@type":"WebSite","@id":"https:\/\/forum.ncdalliance.org\/#website","url":"https:\/\/forum.ncdalliance.org\/","name":"2024 Global NCD Alliance Forum","description":"","publisher":{"@id":"https:\/\/forum.ncdalliance.org\/#organization"},"potentialAction":[{"@type":"SearchAction","target":{"@type":"EntryPoint","urlTemplate":"https:\/\/forum.ncdalliance.org\/?s={search_term_string}"},"query-input":{"@type":"PropertyValueSpecification","valueRequired":true,"valueName":"search_term_string"}}],"inLanguage":"es"},{"@type":"Organization","@id":"https:\/\/forum.ncdalliance.org\/#organization","name":"2024 Global NCD Alliance Forum","url":"https:\/\/forum.ncdalliance.org\/","logo":{"@type":"ImageObject","inLanguage":"es","@id":"https:\/\/forum.ncdalliance.org\/#\/schema\/logo\/image\/","url":"https:\/\/forum.ncdalliance.org\/wp-content\/uploads\/2024\/10\/GF2025-logo-1300x584-EN.png","contentUrl":"https:\/\/forum.ncdalliance.org\/wp-content\/uploads\/2024\/10\/GF2025-logo-1300x584-EN.png","width":1300,"height":584,"caption":"2024 Global NCD Alliance Forum"},"image":{"@id":"https:\/\/forum.ncdalliance.org\/#\/schema\/logo\/image\/"},"sameAs":["https:\/\/www.facebook.com\/ncdalliance","https:\/\/x.com\/ncdalliance","https:\/\/www.linkedin.com\/company\/ncd-alliance","https:\/\/www.youtube.com\/c\/NCDAllianceOrg","https:\/\/www.instagram.com\/ncdalliance","https:\/\/www.tiktok.com\/@ncdalliance"]}]}},"_links":{"self":[{"href":"https:\/\/forum.ncdalliance.org\/es\/wp-json\/wp\/v2\/pages\/695","targetHints":{"allow":["GET"]}}],"collection":[{"href":"https:\/\/forum.ncdalliance.org\/es\/wp-json\/wp\/v2\/pages"}],"about":[{"href":"https:\/\/forum.ncdalliance.org\/es\/wp-json\/wp\/v2\/types\/page"}],"author":[{"embeddable":true,"href":"https:\/\/forum.ncdalliance.org\/es\/wp-json\/wp\/v2\/users\/1"}],"replies":[{"embeddable":true,"href":"https:\/\/forum.ncdalliance.org\/es\/wp-json\/wp\/v2\/comments?post=695"}],"version-history":[{"count":62,"href":"https:\/\/forum.ncdalliance.org\/es\/wp-json\/wp\/v2\/pages\/695\/revisions"}],"predecessor-version":[{"id":6106,"href":"https:\/\/forum.ncdalliance.org\/es\/wp-json\/wp\/v2\/pages\/695\/revisions\/6106"}],"wp:featuredmedia":[{"embeddable":true,"href":"https:\/\/forum.ncdalliance.org\/es\/wp-json\/wp\/v2\/media\/87"}],"wp:attachment":[{"href":"https:\/\/forum.ncdalliance.org\/es\/wp-json\/wp\/v2\/media?parent=695"}],"curies":[{"name":"wp","href":"https:\/\/api.w.org\/{rel}","templated":true}]}}