{"id":689,"date":"2024-03-20T18:20:57","date_gmt":"2024-03-20T17:20:57","guid":{"rendered":"https:\/\/forum.ncdalliance.org\/?page_id=689"},"modified":"2026-01-29T17:45:22","modified_gmt":"2026-01-29T16:45:22","slug":"past-editions","status":"publish","type":"page","link":"https:\/\/forum.ncdalliance.org\/fr\/past-editions\/","title":{"rendered":"Editions pr\u00e9c\u00e9dentes"},"content":{"rendered":"<div data-elementor-type=\"wp-page\" data-elementor-id=\"689\" class=\"elementor elementor-689\" data-elementor-post-type=\"page\">\n\t\t\t\t<div class=\"elementor-element elementor-element-d87ad06 e-flex e-con-boxed e-con e-parent\" data-id=\"d87ad06\" data-element_type=\"container\">\n\t\t\t\t\t<div class=\"e-con-inner\">\n\t\t\t\t<div class=\"elementor-element elementor-element-b821083 elementor-widget elementor-widget-text-editor\" data-id=\"b821083\" data-element_type=\"widget\" data-widget_type=\"text-editor.default\">\n\t\t\t\t<div class=\"elementor-widget-container\">\n\t\t\t\t\t\t\t\t\t<p>The 2025 Global NCD Alliance Forum built on the success and legacy of the previous ones held in 2015, 2017 and 2020 in Sharjah, UAE, under the patronage of Her Highness Sheika Jawaher Bint Mohammed Al Qasimi, Wife of the Ruler of Sharjah, Founder and Royal Patron of Friends of Cancer Patients (FoCP). Following a break necessitated by the COVID-19 pandemic, 2025 marked the 4th Global NCD Alliance Forum and the first Forum to take place in sub-Saharan Africa.<\/p>\t\t\t\t\t\t\t\t<\/div>\n\t\t\t\t<\/div>\n\t\t\t\t\t<\/div>\n\t\t\t\t<\/div>\n\t\t<div class=\"elementor-element elementor-element-f8504fd e-flex e-con-boxed e-con e-parent\" data-id=\"f8504fd\" data-element_type=\"container\">\n\t\t\t\t\t<div class=\"e-con-inner\">\n\t\t\t\t<div class=\"elementor-element elementor-element-7f978aa elementor-widget elementor-widget-heading\" data-id=\"7f978aa\" data-element_type=\"widget\" data-widget_type=\"heading.default\">\n\t\t\t\t<div class=\"elementor-widget-container\">\n\t\t\t\t\t<h4 class=\"elementor-heading-title elementor-size-default\">Forum mondial de 2020<\/h4>\t\t\t\t<\/div>\n\t\t\t\t<\/div>\n\t\t\t\t<div class=\"elementor-element elementor-element-e3cca98 elementor-widget elementor-widget-heading\" data-id=\"e3cca98\" data-element_type=\"widget\" data-widget_type=\"heading.default\">\n\t\t\t\t<div class=\"elementor-widget-container\">\n\t\t\t\t\t<h2 class=\"elementor-heading-title elementor-size-default\">R\u00e9duisons les \u00e9carts<\/h2>\t\t\t\t<\/div>\n\t\t\t\t<\/div>\n\t\t\t\t<div class=\"elementor-element elementor-element-8cdffc1 elementor-widget elementor-widget-text-editor\" data-id=\"8cdffc1\" data-element_type=\"widget\" data-widget_type=\"text-editor.default\">\n\t\t\t\t<div class=\"elementor-widget-container\">\n\t\t\t\t\t\t\t\t\t<p>Le Forum 2020 a \u00e9t\u00e9 organis\u00e9 sous le th\u00e8me \u00ab R\u00e9duisons les \u00e9carts \u00bb, en vue d'acc\u00e9l\u00e9rer les efforts mondiaux pour traduire les engagements politiques et la rh\u00e9torique en action et en mise en \u0153uvre aux niveaux national et local. Le Forum s'est concentr\u00e9 sur trois catalyseurs cl\u00e9s du changement pour combler les lacunes dans la r\u00e9ponse aux MNT : acc\u00e9l\u00e9rer les politiques et les solutions transformatrices, cr\u00e9er une demande d'action par le biais des mouvements sociaux et des voix du changement, et renforcer la responsabilit\u00e9 par le biais d'une gouvernance transformatrice et inclusive.<\/p><p>L'un des r\u00e9sultats remarquables a \u00e9t\u00e9 le document de discussion intitul\u00e9 <a href=\"https:\/\/ncdalliance.org\/resources\/bridging-the-gap-on-ncds-from-global-promises-to-local-progress-policy-brief\" target=\"_blank\" rel=\"noopener\">Bridging the Gap: From global promises to local progress<\/a> qui a mis en \u00e9vidence les lacunes prioritaires dans la r\u00e9ponse aux MNT en mati\u00e8re de plaidoyer, fa\u00e7onnant ainsi les th\u00e8mes de la Semaine d'action mondiale de la NCDA depuis.<\/p>\t\t\t\t\t\t\t\t<\/div>\n\t\t\t\t<\/div>\n\t\t\t\t<div class=\"elementor-element elementor-element-be98935 elementor-widget elementor-widget-button\" data-id=\"be98935\" data-element_type=\"widget\" data-widget_type=\"button.default\">\n\t\t\t\t<div class=\"elementor-widget-container\">\n\t\t\t\t\t\t\t\t\t<div class=\"elementor-button-wrapper\">\n\t\t\t\t\t<a class=\"elementor-button elementor-button-link elementor-size-sm\" href=\"https:\/\/ncdalliance.org\/what-we-do\/convening\/global-ncda-forum-2020\/impact\" target=\"_blank\">\n\t\t\t\t\t\t<span class=\"elementor-button-content-wrapper\">\n\t\t\t\t\t\t<span class=\"elementor-button-icon\">\n\t\t\t\t<svg aria-hidden=\"true\" class=\"e-font-icon-svg e-fas-external-link-alt\" viewbox=\"0 0 512 512\" xmlns=\"http:\/\/www.w3.org\/2000\/svg\"><path d=\"M432,320H400a16,16,0,0,0-16,16V448H64V128H208a16,16,0,0,0,16-16V80a16,16,0,0,0-16-16H48A48,48,0,0,0,0,112V464a48,48,0,0,0,48,48H400a48,48,0,0,0,48-48V336A16,16,0,0,0,432,320ZM488,0h-128c-21.37,0-32.05,25.91-17,41l35.73,35.73L135,320.37a24,24,0,0,0,0,34L157.67,377a24,24,0,0,0,34,0L435.28,133.32,471,169c15,15,41,4.5,41-17V24A24,24,0,0,0,488,0Z\"><\/path><\/svg>\t\t\t<\/span>\n\t\t\t\t\t\t\t\t\t<span class=\"elementor-button-text\">Consulter le rapport d'impact<\/span>\n\t\t\t\t\t<\/span>\n\t\t\t\t\t<\/a>\n\t\t\t\t<\/div>\n\t\t\t\t\t\t\t\t<\/div>\n\t\t\t\t<\/div>\n\t\t\t\t\t<\/div>\n\t\t\t\t<\/div>\n\t\t<div class=\"elementor-element elementor-element-a958ee7 e-flex e-con-boxed e-con e-parent\" data-id=\"a958ee7\" data-element_type=\"container\">\n\t\t\t\t\t<div class=\"e-con-inner\">\n\t\t\t\t<div class=\"elementor-element elementor-element-5a9d4bd elementor-widget elementor-widget-heading\" data-id=\"5a9d4bd\" data-element_type=\"widget\" data-widget_type=\"heading.default\">\n\t\t\t\t<div class=\"elementor-widget-container\">\n\t\t\t\t\t<h4 class=\"elementor-heading-title elementor-size-default\">Forum mondial de 2017<\/h4>\t\t\t\t<\/div>\n\t\t\t\t<\/div>\n\t\t\t\t<div class=\"elementor-element elementor-element-ca3f4f4 elementor-widget elementor-widget-heading\" data-id=\"ca3f4f4\" data-element_type=\"widget\" data-widget_type=\"heading.default\">\n\t\t\t\t<div class=\"elementor-widget-container\">\n\t\t\t\t\t<h2 class=\"elementor-heading-title elementor-size-default\">Acc\u00e9l\u00e9rer le mouvement sur les MNT : faire de 2018 une ann\u00e9e qui compte<\/h2>\t\t\t\t<\/div>\n\t\t\t\t<\/div>\n\t\t\t\t<div class=\"elementor-element elementor-element-eacd063 elementor-widget elementor-widget-text-editor\" data-id=\"eacd063\" data-element_type=\"widget\" data-widget_type=\"text-editor.default\">\n\t\t\t\t<div class=\"elementor-widget-container\">\n\t\t\t\t\t\t\t\t\t<p>En 2017, le Forum s'est r\u00e9uni juste avant la troisi\u00e8me r\u00e9union de haut niveau des Nations unies sur les MNT en 2018. Sous le th\u00e8me \u00ab Acc\u00e9l\u00e9rer le mouvement sur les MNT : faire de 2018 une ann\u00e9e qui compte \u00bb, il avait pour objectifs de parvenir \u00e0 un consensus sur les priorit\u00e9s de plaidoyer pour la prochaine r\u00e9union de haut niveau, de faciliter la planification des campagnes et de renforcer les capacit\u00e9s du r\u00e9seau des MNT.<\/p><p>Les sous-th\u00e8mes comprenaient le plaidoyer pour la pr\u00e9vention et le contr\u00f4le des MNT, le d\u00e9cloisonnement et le partage d'outils et de strat\u00e9gies de plaidoyer et de mobilisation. Un r\u00e9sultat important a \u00e9t\u00e9 l'\u00e9tablissement des priorit\u00e9s de la campagne de la NCDA pour la R\u00e9union de haut niveau de l'ONU sur les MNT de 2018.<\/p>\t\t\t\t\t\t\t\t<\/div>\n\t\t\t\t<\/div>\n\t\t\t\t<div class=\"elementor-element elementor-element-b98424d elementor-widget elementor-widget-button\" data-id=\"b98424d\" data-element_type=\"widget\" data-widget_type=\"button.default\">\n\t\t\t\t<div class=\"elementor-widget-container\">\n\t\t\t\t\t\t\t\t\t<div class=\"elementor-button-wrapper\">\n\t\t\t\t\t<a class=\"elementor-button elementor-button-link elementor-size-sm\" href=\"https:\/\/ncdalliance.org\/what-we-do\/convening\/global-ncda-forum-2017\/impact\" target=\"_blank\">\n\t\t\t\t\t\t<span class=\"elementor-button-content-wrapper\">\n\t\t\t\t\t\t<span class=\"elementor-button-icon\">\n\t\t\t\t<svg aria-hidden=\"true\" class=\"e-font-icon-svg e-fas-external-link-alt\" viewbox=\"0 0 512 512\" xmlns=\"http:\/\/www.w3.org\/2000\/svg\"><path d=\"M432,320H400a16,16,0,0,0-16,16V448H64V128H208a16,16,0,0,0,16-16V80a16,16,0,0,0-16-16H48A48,48,0,0,0,0,112V464a48,48,0,0,0,48,48H400a48,48,0,0,0,48-48V336A16,16,0,0,0,432,320ZM488,0h-128c-21.37,0-32.05,25.91-17,41l35.73,35.73L135,320.37a24,24,0,0,0,0,34L157.67,377a24,24,0,0,0,34,0L435.28,133.32,471,169c15,15,41,4.5,41-17V24A24,24,0,0,0,488,0Z\"><\/path><\/svg>\t\t\t<\/span>\n\t\t\t\t\t\t\t\t\t<span class=\"elementor-button-text\">Consulter le rapport d'impact<\/span>\n\t\t\t\t\t<\/span>\n\t\t\t\t\t<\/a>\n\t\t\t\t<\/div>\n\t\t\t\t\t\t\t\t<\/div>\n\t\t\t\t<\/div>\n\t\t\t\t\t<\/div>\n\t\t\t\t<\/div>\n\t\t<div class=\"elementor-element elementor-element-2eafd28 e-flex e-con-boxed e-con e-parent\" data-id=\"2eafd28\" data-element_type=\"container\">\n\t\t\t\t\t<div class=\"e-con-inner\">\n\t\t\t\t<div class=\"elementor-element elementor-element-13c27d7 elementor-widget elementor-widget-heading\" data-id=\"13c27d7\" data-element_type=\"widget\" data-widget_type=\"heading.default\">\n\t\t\t\t<div class=\"elementor-widget-container\">\n\t\t\t\t\t<h4 class=\"elementor-heading-title elementor-size-default\">Forum mondial de 2015<\/h4>\t\t\t\t<\/div>\n\t\t\t\t<\/div>\n\t\t\t\t<div class=\"elementor-element elementor-element-34ea27f elementor-widget elementor-widget-heading\" data-id=\"34ea27f\" data-element_type=\"widget\" data-widget_type=\"heading.default\">\n\t\t\t\t<div class=\"elementor-widget-container\">\n\t\t\t\t\t<h2 class=\"elementor-heading-title elementor-size-default\">Plaidoyer et responsabilisation en mati\u00e8re de MNT pour l\u2019apr\u00e8s 2015<\/h2>\t\t\t\t<\/div>\n\t\t\t\t<\/div>\n\t\t\t\t<div class=\"elementor-element elementor-element-e2fb77b elementor-widget elementor-widget-text-editor\" data-id=\"e2fb77b\" data-element_type=\"widget\" data-widget_type=\"text-editor.default\">\n\t\t\t\t<div class=\"elementor-widget-container\">\n\t\t\t\t\t\t\t\t\t<p>Le Forum inaugural de 2015 a marqu\u00e9 un tournant dans la mobilisation de la communaut\u00e9 des MNT et de la soci\u00e9t\u00e9 civile, suite \u00e0 l'adoption des objectifs de d\u00e9veloppement durable (ODD) des Nations unies, qui incluaient les MNT parmi leurs cibles. Sous le th\u00e8me \u00ab Plaidoyer et responsabilisation en mati\u00e8re de MNT pour l\u2019apr\u00e8s 2015 \u00bb, le forum visait \u00e0 plaider en faveur des MNT dans le cadre du programme de d\u00e9veloppement durable et a rassembl\u00e9 pour la premi\u00e8re fois des alliances nationales et r\u00e9gionales. Les sous-th\u00e8mes comprenaient le plaidoyer et la reddition de comptes, le d\u00e9veloppement organisationnel et les partenariats pour la r\u00e9ussite. Un r\u00e9sultat important a \u00e9t\u00e9 la formulation de la D\u00e9claration de Sharjah, qui souligne l'engagement de la soci\u00e9t\u00e9 civile des MNT \u00e0 soutenir l'agenda des ODD.<\/p>\t\t\t\t\t\t\t\t<\/div>\n\t\t\t\t<\/div>\n\t\t\t\t<div class=\"elementor-element elementor-element-3b9ec01 elementor-widget elementor-widget-button\" data-id=\"3b9ec01\" data-element_type=\"widget\" data-widget_type=\"button.default\">\n\t\t\t\t<div class=\"elementor-widget-container\">\n\t\t\t\t\t\t\t\t\t<div class=\"elementor-button-wrapper\">\n\t\t\t\t\t<a class=\"elementor-button elementor-button-link elementor-size-sm\" href=\"https:\/\/ncdalliance.org\/news-events\/global-forum\/impact\" target=\"_blank\">\n\t\t\t\t\t\t<span class=\"elementor-button-content-wrapper\">\n\t\t\t\t\t\t<span class=\"elementor-button-icon\">\n\t\t\t\t<svg aria-hidden=\"true\" class=\"e-font-icon-svg e-fas-external-link-alt\" viewbox=\"0 0 512 512\" xmlns=\"http:\/\/www.w3.org\/2000\/svg\"><path d=\"M432,320H400a16,16,0,0,0-16,16V448H64V128H208a16,16,0,0,0,16-16V80a16,16,0,0,0-16-16H48A48,48,0,0,0,0,112V464a48,48,0,0,0,48,48H400a48,48,0,0,0,48-48V336A16,16,0,0,0,432,320ZM488,0h-128c-21.37,0-32.05,25.91-17,41l35.73,35.73L135,320.37a24,24,0,0,0,0,34L157.67,377a24,24,0,0,0,34,0L435.28,133.32,471,169c15,15,41,4.5,41-17V24A24,24,0,0,0,488,0Z\"><\/path><\/svg>\t\t\t<\/span>\n\t\t\t\t\t\t\t\t\t<span class=\"elementor-button-text\">Consulter le rapport d'impact<\/span>\n\t\t\t\t\t<\/span>\n\t\t\t\t\t<\/a>\n\t\t\t\t<\/div>\n\t\t\t\t\t\t\t\t<\/div>\n\t\t\t\t<\/div>\n\t\t\t\t\t<\/div>\n\t\t\t\t<\/div>\n\t\t\t\t<\/div>","protected":false},"excerpt":{"rendered":"<p>The inaugural Global NCD Alliance Forum took place in 2015 in Sharjah, United Arab Emirates\u00a0(UAE), followed by subsequent editions in 2017 and 2020. In 2025, we marked the fourth edition of the Global Forum, and for the first time on the African\u00a0continent.<\/p>","protected":false},"author":1,"featured_media":3491,"parent":0,"menu_order":0,"comment_status":"closed","ping_status":"closed","template":"","meta":{"footnotes":""},"class_list":["post-689","page","type-page","status-publish","has-post-thumbnail","hentry"],"yoast_head":"<!-- This site is optimized with the Yoast SEO plugin v26.3 - https:\/\/yoast.com\/wordpress\/plugins\/seo\/ -->\n<title>Past editions - 4th Global NCD Alliance Forum<\/title>\n<meta name=\"description\" content=\"The inaugural Global NCD Alliance Forum took place in 2015 in Sharjah, United Arab Emirates\u00a0(UAE), followed by subsequent editions in 2017 and 2020. In 2025, we marked the fourth edition of the Global Forum, and for the first time on the African\u00a0continent.\" \/>\n<meta name=\"robots\" content=\"index, follow, max-snippet:-1, max-image-preview:large, max-video-preview:-1\" \/>\n<link rel=\"canonical\" href=\"https:\/\/forum.ncdalliance.org\/fr\/past-editions\/\" \/>\n<meta property=\"og:locale\" content=\"fr_FR\" \/>\n<meta property=\"og:type\" content=\"article\" \/>\n<meta property=\"og:title\" content=\"Past editions - 4th Global NCD Alliance Forum\" \/>\n<meta property=\"og:description\" content=\"The inaugural Global NCD Alliance Forum took place in 2015 in Sharjah, United Arab Emirates\u00a0(UAE), followed by subsequent editions in 2017 and 2020. In 2025, we marked the fourth edition of the Global Forum, and for the first time on the African\u00a0continent.\" \/>\n<meta property=\"og:url\" content=\"https:\/\/forum.ncdalliance.org\/fr\/past-editions\/\" \/>\n<meta property=\"og:site_name\" content=\"4th Global NCD Alliance Forum\" \/>\n<meta property=\"article:publisher\" content=\"https:\/\/www.facebook.com\/ncdalliance\" \/>\n<meta property=\"article:modified_time\" content=\"2026-01-29T16:45:22+00:00\" \/>\n<meta property=\"og:image\" content=\"https:\/\/forum.ncdalliance.org\/wp-content\/uploads\/2024\/10\/NCDA_Forum_2025-social_card-1200x800-1.jpg\" \/>\n\t<meta property=\"og:image:width\" content=\"1200\" \/>\n\t<meta property=\"og:image:height\" content=\"800\" \/>\n\t<meta property=\"og:image:type\" content=\"image\/jpeg\" \/>\n<meta name=\"twitter:card\" content=\"summary_large_image\" \/>\n<meta name=\"twitter:site\" content=\"@ncdalliance\" \/>\n<meta name=\"twitter:label1\" content=\"Dur\u00e9e de lecture estim\u00e9e\" \/>\n\t<meta name=\"twitter:data1\" content=\"2 minutes\" \/>\n<script type=\"application\/ld+json\" class=\"yoast-schema-graph\">{\"@context\":\"https:\/\/schema.org\",\"@graph\":[{\"@type\":\"WebPage\",\"@id\":\"https:\/\/forum.ncdalliance.org\/past-editions\/\",\"url\":\"https:\/\/forum.ncdalliance.org\/past-editions\/\",\"name\":\"Past editions - 4th Global NCD Alliance Forum\",\"isPartOf\":{\"@id\":\"https:\/\/forum.ncdalliance.org\/#website\"},\"primaryImageOfPage\":{\"@id\":\"https:\/\/forum.ncdalliance.org\/past-editions\/#primaryimage\"},\"image\":{\"@id\":\"https:\/\/forum.ncdalliance.org\/past-editions\/#primaryimage\"},\"thumbnailUrl\":\"https:\/\/forum.ncdalliance.org\/wp-content\/uploads\/2024\/10\/NCDA_Forum_2025-social_card-1200x800-1.jpg\",\"datePublished\":\"2024-03-20T17:20:57+00:00\",\"dateModified\":\"2026-01-29T16:45:22+00:00\",\"description\":\"The inaugural Global NCD Alliance Forum took place in 2015 in Sharjah, United Arab Emirates\u00a0(UAE), followed by subsequent editions in 2017 and 2020. In 2025, we marked the fourth edition of the Global Forum, and for the first time on the African\u00a0continent.\",\"breadcrumb\":{\"@id\":\"https:\/\/forum.ncdalliance.org\/past-editions\/#breadcrumb\"},\"inLanguage\":\"fr-FR\",\"potentialAction\":[{\"@type\":\"ReadAction\",\"target\":[\"https:\/\/forum.ncdalliance.org\/past-editions\/\"]}]},{\"@type\":\"ImageObject\",\"inLanguage\":\"fr-FR\",\"@id\":\"https:\/\/forum.ncdalliance.org\/past-editions\/#primaryimage\",\"url\":\"https:\/\/forum.ncdalliance.org\/wp-content\/uploads\/2024\/10\/NCDA_Forum_2025-social_card-1200x800-1.jpg\",\"contentUrl\":\"https:\/\/forum.ncdalliance.org\/wp-content\/uploads\/2024\/10\/NCDA_Forum_2025-social_card-1200x800-1.jpg\",\"width\":1200,\"height\":800,\"caption\":\"2025 Global NCD Alliance Forum hero\"},{\"@type\":\"BreadcrumbList\",\"@id\":\"https:\/\/forum.ncdalliance.org\/past-editions\/#breadcrumb\",\"itemListElement\":[{\"@type\":\"ListItem\",\"position\":1,\"name\":\"Home\",\"item\":\"https:\/\/forum.ncdalliance.org\/\"},{\"@type\":\"ListItem\",\"position\":2,\"name\":\"Past editions\"}]},{\"@type\":\"WebSite\",\"@id\":\"https:\/\/forum.ncdalliance.org\/#website\",\"url\":\"https:\/\/forum.ncdalliance.org\/\",\"name\":\"2024 Global NCD Alliance Forum\",\"description\":\"\",\"publisher\":{\"@id\":\"https:\/\/forum.ncdalliance.org\/#organization\"},\"potentialAction\":[{\"@type\":\"SearchAction\",\"target\":{\"@type\":\"EntryPoint\",\"urlTemplate\":\"https:\/\/forum.ncdalliance.org\/?s={search_term_string}\"},\"query-input\":{\"@type\":\"PropertyValueSpecification\",\"valueRequired\":true,\"valueName\":\"search_term_string\"}}],\"inLanguage\":\"fr-FR\"},{\"@type\":\"Organization\",\"@id\":\"https:\/\/forum.ncdalliance.org\/#organization\",\"name\":\"2024 Global NCD Alliance Forum\",\"url\":\"https:\/\/forum.ncdalliance.org\/\",\"logo\":{\"@type\":\"ImageObject\",\"inLanguage\":\"fr-FR\",\"@id\":\"https:\/\/forum.ncdalliance.org\/#\/schema\/logo\/image\/\",\"url\":\"https:\/\/forum.ncdalliance.org\/wp-content\/uploads\/2024\/10\/GF2025-logo-1300x584-EN.png\",\"contentUrl\":\"https:\/\/forum.ncdalliance.org\/wp-content\/uploads\/2024\/10\/GF2025-logo-1300x584-EN.png\",\"width\":1300,\"height\":584,\"caption\":\"2024 Global NCD Alliance Forum\"},\"image\":{\"@id\":\"https:\/\/forum.ncdalliance.org\/#\/schema\/logo\/image\/\"},\"sameAs\":[\"https:\/\/www.facebook.com\/ncdalliance\",\"https:\/\/x.com\/ncdalliance\",\"https:\/\/www.linkedin.com\/company\/ncd-alliance\",\"https:\/\/www.youtube.com\/c\/NCDAllianceOrg\",\"https:\/\/www.instagram.com\/ncdalliance\",\"https:\/\/www.tiktok.com\/@ncdalliance\"]}]}<\/script>\n<!-- \/ Yoast SEO plugin. -->","yoast_head_json":{"title":"Past editions - 4th Global NCD Alliance Forum","description":"The inaugural Global NCD Alliance Forum took place in 2015 in Sharjah, United Arab Emirates\u00a0(UAE), followed by subsequent editions in 2017 and 2020. In 2025, we marked the fourth edition of the Global Forum, and for the first time on the African\u00a0continent.","robots":{"index":"index","follow":"follow","max-snippet":"max-snippet:-1","max-image-preview":"max-image-preview:large","max-video-preview":"max-video-preview:-1"},"canonical":"https:\/\/forum.ncdalliance.org\/fr\/past-editions\/","og_locale":"fr_FR","og_type":"article","og_title":"Past editions - 4th Global NCD Alliance Forum","og_description":"The inaugural Global NCD Alliance Forum took place in 2015 in Sharjah, United Arab Emirates\u00a0(UAE), followed by subsequent editions in 2017 and 2020. In 2025, we marked the fourth edition of the Global Forum, and for the first time on the African\u00a0continent.","og_url":"https:\/\/forum.ncdalliance.org\/fr\/past-editions\/","og_site_name":"4th Global NCD Alliance Forum","article_publisher":"https:\/\/www.facebook.com\/ncdalliance","article_modified_time":"2026-01-29T16:45:22+00:00","og_image":[{"width":1200,"height":800,"url":"https:\/\/forum.ncdalliance.org\/wp-content\/uploads\/2024\/10\/NCDA_Forum_2025-social_card-1200x800-1.jpg","type":"image\/jpeg"}],"twitter_card":"summary_large_image","twitter_site":"@ncdalliance","twitter_misc":{"Dur\u00e9e de lecture estim\u00e9e":"2 minutes"},"schema":{"@context":"https:\/\/schema.org","@graph":[{"@type":"WebPage","@id":"https:\/\/forum.ncdalliance.org\/past-editions\/","url":"https:\/\/forum.ncdalliance.org\/past-editions\/","name":"Past editions - 4th Global NCD Alliance Forum","isPartOf":{"@id":"https:\/\/forum.ncdalliance.org\/#website"},"primaryImageOfPage":{"@id":"https:\/\/forum.ncdalliance.org\/past-editions\/#primaryimage"},"image":{"@id":"https:\/\/forum.ncdalliance.org\/past-editions\/#primaryimage"},"thumbnailUrl":"https:\/\/forum.ncdalliance.org\/wp-content\/uploads\/2024\/10\/NCDA_Forum_2025-social_card-1200x800-1.jpg","datePublished":"2024-03-20T17:20:57+00:00","dateModified":"2026-01-29T16:45:22+00:00","description":"The inaugural Global NCD Alliance Forum took place in 2015 in Sharjah, United Arab Emirates\u00a0(UAE), followed by subsequent editions in 2017 and 2020. In 2025, we marked the fourth edition of the Global Forum, and for the first time on the African\u00a0continent.","breadcrumb":{"@id":"https:\/\/forum.ncdalliance.org\/past-editions\/#breadcrumb"},"inLanguage":"fr-FR","potentialAction":[{"@type":"ReadAction","target":["https:\/\/forum.ncdalliance.org\/past-editions\/"]}]},{"@type":"ImageObject","inLanguage":"fr-FR","@id":"https:\/\/forum.ncdalliance.org\/past-editions\/#primaryimage","url":"https:\/\/forum.ncdalliance.org\/wp-content\/uploads\/2024\/10\/NCDA_Forum_2025-social_card-1200x800-1.jpg","contentUrl":"https:\/\/forum.ncdalliance.org\/wp-content\/uploads\/2024\/10\/NCDA_Forum_2025-social_card-1200x800-1.jpg","width":1200,"height":800,"caption":"2025 Global NCD Alliance Forum hero"},{"@type":"BreadcrumbList","@id":"https:\/\/forum.ncdalliance.org\/past-editions\/#breadcrumb","itemListElement":[{"@type":"ListItem","position":1,"name":"Home","item":"https:\/\/forum.ncdalliance.org\/"},{"@type":"ListItem","position":2,"name":"Past editions"}]},{"@type":"WebSite","@id":"https:\/\/forum.ncdalliance.org\/#website","url":"https:\/\/forum.ncdalliance.org\/","name":"2024 Global NCD Alliance Forum","description":"","publisher":{"@id":"https:\/\/forum.ncdalliance.org\/#organization"},"potentialAction":[{"@type":"SearchAction","target":{"@type":"EntryPoint","urlTemplate":"https:\/\/forum.ncdalliance.org\/?s={search_term_string}"},"query-input":{"@type":"PropertyValueSpecification","valueRequired":true,"valueName":"search_term_string"}}],"inLanguage":"fr-FR"},{"@type":"Organization","@id":"https:\/\/forum.ncdalliance.org\/#organization","name":"2024 Global NCD Alliance Forum","url":"https:\/\/forum.ncdalliance.org\/","logo":{"@type":"ImageObject","inLanguage":"fr-FR","@id":"https:\/\/forum.ncdalliance.org\/#\/schema\/logo\/image\/","url":"https:\/\/forum.ncdalliance.org\/wp-content\/uploads\/2024\/10\/GF2025-logo-1300x584-EN.png","contentUrl":"https:\/\/forum.ncdalliance.org\/wp-content\/uploads\/2024\/10\/GF2025-logo-1300x584-EN.png","width":1300,"height":584,"caption":"2024 Global NCD Alliance Forum"},"image":{"@id":"https:\/\/forum.ncdalliance.org\/#\/schema\/logo\/image\/"},"sameAs":["https:\/\/www.facebook.com\/ncdalliance","https:\/\/x.com\/ncdalliance","https:\/\/www.linkedin.com\/company\/ncd-alliance","https:\/\/www.youtube.com\/c\/NCDAllianceOrg","https:\/\/www.instagram.com\/ncdalliance","https:\/\/www.tiktok.com\/@ncdalliance"]}]}},"_links":{"self":[{"href":"https:\/\/forum.ncdalliance.org\/fr\/wp-json\/wp\/v2\/pages\/689","targetHints":{"allow":["GET"]}}],"collection":[{"href":"https:\/\/forum.ncdalliance.org\/fr\/wp-json\/wp\/v2\/pages"}],"about":[{"href":"https:\/\/forum.ncdalliance.org\/fr\/wp-json\/wp\/v2\/types\/page"}],"author":[{"embeddable":true,"href":"https:\/\/forum.ncdalliance.org\/fr\/wp-json\/wp\/v2\/users\/1"}],"replies":[{"embeddable":true,"href":"https:\/\/forum.ncdalliance.org\/fr\/wp-json\/wp\/v2\/comments?post=689"}],"version-history":[{"count":51,"href":"https:\/\/forum.ncdalliance.org\/fr\/wp-json\/wp\/v2\/pages\/689\/revisions"}],"predecessor-version":[{"id":6102,"href":"https:\/\/forum.ncdalliance.org\/fr\/wp-json\/wp\/v2\/pages\/689\/revisions\/6102"}],"wp:featuredmedia":[{"embeddable":true,"href":"https:\/\/forum.ncdalliance.org\/fr\/wp-json\/wp\/v2\/media\/3491"}],"wp:attachment":[{"href":"https:\/\/forum.ncdalliance.org\/fr\/wp-json\/wp\/v2\/media?parent=689"}],"curies":[{"name":"wp","href":"https:\/\/api.w.org\/{rel}","templated":true}]}}