{"id":702,"date":"2024-03-20T18:30:31","date_gmt":"2024-03-20T17:30:31","guid":{"rendered":"https:\/\/forum.ncdalliance.org\/?page_id=702"},"modified":"2026-01-29T17:43:47","modified_gmt":"2026-01-29T16:43:47","slug":"about","status":"publish","type":"page","link":"https:\/\/forum.ncdalliance.org\/fr\/about\/","title":{"rendered":"\u00c0 propos de"},"content":{"rendered":"<div data-elementor-type=\"wp-page\" data-elementor-id=\"702\" class=\"elementor elementor-702\" data-elementor-post-type=\"page\">\n\t\t\t\t<div class=\"elementor-element elementor-element-55bce4a e-flex e-con-boxed e-con e-parent\" data-id=\"55bce4a\" data-element_type=\"container\">\n\t\t\t\t\t<div class=\"e-con-inner\">\n\t\t\t\t<div class=\"elementor-element elementor-element-26479c2 elementor-widget elementor-widget-text-editor\" data-id=\"26479c2\" data-element_type=\"widget\" data-widget_type=\"text-editor.default\">\n\t\t\t\t<div class=\"elementor-widget-container\">\n\t\t\t\t\t\t\t\t\t<p>In 2025, the Global NCD Alliance Forum was convened by NCDA in partnership with local host organisation, Rwanda NCD Alliance, in collaboration with the Rwanda Ministry of Health, Rwanda Biomedical Centre, and with thanks to our strategic partnership with The Leona M. and Harry B. Helmsley Charitable Trust.<\/p>\t\t\t\t\t\t\t\t<\/div>\n\t\t\t\t<\/div>\n\t\t\t\t\t<\/div>\n\t\t\t\t<\/div>\n\t\t<div class=\"elementor-element elementor-element-1484b69 e-flex e-con-boxed e-con e-parent\" data-id=\"1484b69\" data-element_type=\"container\">\n\t\t\t\t\t<div class=\"e-con-inner\">\n\t\t\t\t<div class=\"elementor-element elementor-element-3e3a63d elementor-widget elementor-widget-heading\" data-id=\"3e3a63d\" data-element_type=\"widget\" data-widget_type=\"heading.default\">\n\t\t\t\t<div class=\"elementor-widget-container\">\n\t\t\t\t\t<h4 class=\"elementor-heading-title elementor-size-default\">2025 Theme<\/h4>\t\t\t\t<\/div>\n\t\t\t\t<\/div>\n\t\t\t\t<div class=\"elementor-element elementor-element-d7c7639 elementor-widget elementor-widget-heading\" data-id=\"d7c7639\" data-element_type=\"widget\" data-widget_type=\"heading.default\">\n\t\t\t\t<div class=\"elementor-widget-container\">\n\t\t\t\t\t<h2 class=\"elementor-heading-title elementor-size-default\">Leadership sur les MNT vers 2025 et au-del\u00e0<\/h2>\t\t\t\t<\/div>\n\t\t\t\t<\/div>\n\t\t\t\t<div class=\"elementor-element elementor-element-f47d36d elementor-widget elementor-widget-heading\" data-id=\"f47d36d\" data-element_type=\"widget\" data-widget_type=\"heading.default\">\n\t\t\t\t<div class=\"elementor-widget-container\">\n\t\t\t\t\t<h3 class=\"elementor-heading-title elementor-size-default\">Un moment crucial pour la r\u00e9ponse aux MNT <\/h3>\t\t\t\t<\/div>\n\t\t\t\t<\/div>\n\t\t\t\t<div class=\"elementor-element elementor-element-275dbc1 elementor-widget elementor-widget-text-editor\" data-id=\"275dbc1\" data-element_type=\"widget\" data-widget_type=\"text-editor.default\">\n\t\t\t\t<div class=\"elementor-widget-container\">\n\t\t\t\t\t\t\t\t\t<p>The timing of the Forum in 2025 was strategic and deliberate, being held just under one year ahead of the fourth UN High-Level Meeting (UNHLM) on NCDs in New York.<\/p><p>This marked the fourth time Heads of Government and State came together at the UN to review progress on NCDs, and agreed global and national commitments for the next 5-10 years. The UNHLM marked the end date of the 2025 NCD global targets, therefore providing an important moment for reflection and accountability on NCDs.<\/p><p>The Forum provided a platform for the NCD movement to strategise, coordinate and unite ahead of the UNHLM, to ensure it would result in strong outcomes and meaningful change for people at risk and living with NCDs.<\/p>\t\t\t\t\t\t\t\t<\/div>\n\t\t\t\t<\/div>\n\t\t\t\t\t<\/div>\n\t\t\t\t<\/div>\n\t\t<div class=\"elementor-element elementor-element-ee5a136 e-flex e-con-boxed e-con e-parent\" data-id=\"ee5a136\" data-element_type=\"container\" data-settings=\"{&quot;background_background&quot;:&quot;classic&quot;}\">\n\t\t\t\t\t<div class=\"e-con-inner\">\n\t\t\t\t<div class=\"elementor-element elementor-element-b6b55e1 elementor-widget elementor-widget-heading\" data-id=\"b6b55e1\" data-element_type=\"widget\" data-widget_type=\"heading.default\">\n\t\t\t\t<div class=\"elementor-widget-container\">\n\t\t\t\t\t<h3 class=\"elementor-heading-title elementor-size-default\">2025 Objectives<\/h3>\t\t\t\t<\/div>\n\t\t\t\t<\/div>\n\t\t\t\t<div class=\"elementor-element elementor-element-e08125f elementor-widget elementor-widget-text-editor\" data-id=\"e08125f\" data-element_type=\"widget\" data-widget_type=\"text-editor.default\">\n\t\t\t\t<div class=\"elementor-widget-container\">\n\t\t\t\t\t\t\t\t\t<p>The 2025 Global NCD Alliance Forum objectives were to:<\/p><ul><li>Convoquer le mouvement des MNT pour acc\u00e9l\u00e9rer l'action collective multisectorielle sur les MNT avant la r\u00e9union de haut niveau des Nations unies sur les MNT en 2025 et dans le contexte des objectifs de d\u00e9veloppement durable.<\/li><li>Accro\u00eetre la sensibilisation et l'engagement aux niveaux mondial et r\u00e9gional sur les MNT en tant que priorit\u00e9 de sant\u00e9 et de d\u00e9veloppement durable, en promouvant des solutions rentables pour pr\u00e9venir et traiter les MNT.<\/li><li>Unir et mobiliser la soci\u00e9t\u00e9 civile des MNT aux niveaux national, r\u00e9gional et mondial, \u00e9tablir un consensus sur les strat\u00e9gies et les priorit\u00e9s de plaidoyer, et partager les outils et les ressources afin de renforcer la capacit\u00e9 de la soci\u00e9t\u00e9 civile \u00e0 plaider en faveur de l'action sur les MNT.<\/li><li>Promouvoir les preuves, les connaissances et le savoir-faire sur les MNT, en montrant les bonnes pratiques en mati\u00e8re de politiques, de mise en \u0153uvre et de plaidoyer en faveur des MNT, ainsi que les le\u00e7ons apprises.<\/li><li>Accro\u00eetre la visibilit\u00e9, la participation significative et la voix des personnes vivant avec des MNT et des jeunes en tant que moteurs du mouvement des MNT.<\/li><\/ul>\t\t\t\t\t\t\t\t<\/div>\n\t\t\t\t<\/div>\n\t\t\t\t\t<\/div>\n\t\t\t\t<\/div>\n\t\t<div class=\"elementor-element elementor-element-e2518df e-flex e-con-boxed e-con e-parent\" data-id=\"e2518df\" data-element_type=\"container\">\n\t\t\t\t\t<div class=\"e-con-inner\">\n\t\t\t\t<div class=\"elementor-element elementor-element-96ec49c elementor-widget elementor-widget-heading\" data-id=\"96ec49c\" data-element_type=\"widget\" data-widget_type=\"heading.default\">\n\t\t\t\t<div class=\"elementor-widget-container\">\n\t\t\t\t\t<h3 class=\"elementor-heading-title elementor-size-default\">Who attended the Global Forum?<\/h3>\t\t\t\t<\/div>\n\t\t\t\t<\/div>\n\t\t\t\t<div class=\"elementor-element elementor-element-be63fb7 elementor-widget elementor-widget-text-editor\" data-id=\"be63fb7\" data-element_type=\"widget\" data-widget_type=\"text-editor.default\">\n\t\t\t\t<div class=\"elementor-widget-container\">\n\t\t\t\t\t\t\t\t\t<p><strong>The Forum was attended by invitation only, offering a small and exclusive convening with ample opportunities for networking and exchange.<\/strong><\/p><p>The primary target audience for the Forum was NCD civil society, including NCDA members, national and regional NCD alliances, youth and people living with NCDs. The Forum is a unique and diverse convening of the NCD community. The Forum brought together a diverse set of actors, including governments, UN and multilateral agencies, academia, relevant private sector, and broader global health and development stakeholders, contributing diverse perspectives and know-how.<\/p>\t\t\t\t\t\t\t\t<\/div>\n\t\t\t\t<\/div>\n\t\t\t\t\t<\/div>\n\t\t\t\t<\/div>\n\t\t<div class=\"elementor-element elementor-element-7e5be68 e-flex e-con-boxed e-con e-parent\" data-id=\"7e5be68\" data-element_type=\"container\">\n\t\t\t\t\t<div class=\"e-con-inner\">\n\t\t<div class=\"elementor-element elementor-element-eb0462b e-con-full e-flex e-con e-child\" data-id=\"eb0462b\" data-element_type=\"container\" data-settings=\"{&quot;background_background&quot;:&quot;classic&quot;}\">\n\t\t<div class=\"elementor-element elementor-element-27b9a16 e-flex e-con-boxed e-con e-child\" data-id=\"27b9a16\" data-element_type=\"container\">\n\t\t\t\t\t<div class=\"e-con-inner\">\n\t\t\t\t<div class=\"elementor-element elementor-element-9f6b2ca elementor-widget elementor-widget-heading\" data-id=\"9f6b2ca\" data-element_type=\"widget\" data-widget_type=\"heading.default\">\n\t\t\t\t<div class=\"elementor-widget-container\">\n\t\t\t\t\t<h2 class=\"elementor-heading-title elementor-size-default\">Partenaire strat\u00e9gique<\/h2>\t\t\t\t<\/div>\n\t\t\t\t<\/div>\n\t\t\t\t<div class=\"elementor-element elementor-element-a1fa3a3 elementor-widget elementor-widget-text-editor\" data-id=\"a1fa3a3\" data-element_type=\"widget\" data-widget_type=\"text-editor.default\">\n\t\t\t\t<div class=\"elementor-widget-container\">\n\t\t\t\t\t\t\t\t\t<p><strong>The 2025 Global NCD Alliance Forum was made possible thanks to a grant from The Leona M. and Harry B. Helmsley Charitable Trust.<\/strong><\/p>\t\t\t\t\t\t\t\t<\/div>\n\t\t\t\t<\/div>\n\t\t\t\t\t<\/div>\n\t\t\t\t<\/div>\n\t\t<div class=\"elementor-element elementor-element-8a3f116 e-con-full e-flex e-con e-child\" data-id=\"8a3f116\" data-element_type=\"container\">\n\t\t\t\t<div class=\"elementor-element elementor-element-85df895 elementor-widget elementor-widget-image\" data-id=\"85df895\" data-element_type=\"widget\" data-widget_type=\"image.default\">\n\t\t\t\t<div class=\"elementor-widget-container\">\n\t\t\t\t\t\t\t\t\t\t\t\t\t\t\t<img fetchpriority=\"high\" decoding=\"async\" width=\"500\" height=\"240\" src=\"https:\/\/forum.ncdalliance.org\/wp-content\/uploads\/2024\/03\/logo-Helmsley-500x240-1.png\" class=\"attachment-full size-full wp-image-956\" alt=\"The Leona M. and Harry B. Helmsley Charitable Trust logo\" srcset=\"https:\/\/forum.ncdalliance.org\/wp-content\/uploads\/2024\/03\/logo-Helmsley-500x240-1.png 500w, https:\/\/forum.ncdalliance.org\/wp-content\/uploads\/2024\/03\/logo-Helmsley-500x240-1-300x144.png 300w, https:\/\/forum.ncdalliance.org\/wp-content\/uploads\/2024\/03\/logo-Helmsley-500x240-1-18x9.png 18w\" sizes=\"(max-width: 500px) 100vw, 500px\" \/>\t\t\t\t\t\t\t\t\t\t\t\t\t\t\t<\/div>\n\t\t\t\t<\/div>\n\t\t\t\t<\/div>\n\t\t\t\t<\/div>\n\t\t\t\t\t<\/div>\n\t\t\t\t<\/div>\n\t\t\t\t<\/div>","protected":false},"excerpt":{"rendered":"<p>The Global NCD Alliance Forum is NCD Alliance\u2019s (NCDA) flagship global convening event, held every two to three years to unite the NCD movement to promote knowledge exchange, share good practice and strengthen capacity to advocate for prevention and control of\u00a0NCDs.<\/p>","protected":false},"author":1,"featured_media":3491,"parent":0,"menu_order":0,"comment_status":"closed","ping_status":"closed","template":"","meta":{"footnotes":""},"class_list":["post-702","page","type-page","status-publish","has-post-thumbnail","hentry"],"yoast_head":"<!-- This site is optimized with the Yoast SEO plugin v26.3 - https:\/\/yoast.com\/wordpress\/plugins\/seo\/ -->\n<title>About - 4th Global NCD Alliance Forum<\/title>\n<meta name=\"description\" content=\"The Global NCD Alliance Forum is NCD Alliance\u2019s (NCDA) flagship global convening event, held every two to three years to unite the NCD movement to promote knowledge exchange, share good practice and strengthen capacity to advocate for prevention and control of\u00a0NCDs.\" \/>\n<meta name=\"robots\" content=\"index, follow, max-snippet:-1, max-image-preview:large, max-video-preview:-1\" \/>\n<link rel=\"canonical\" href=\"https:\/\/forum.ncdalliance.org\/fr\/about\/\" \/>\n<meta property=\"og:locale\" content=\"fr_FR\" \/>\n<meta property=\"og:type\" content=\"article\" \/>\n<meta property=\"og:title\" content=\"About - 4th Global NCD Alliance Forum\" \/>\n<meta property=\"og:description\" content=\"The Global NCD Alliance Forum is NCD Alliance\u2019s (NCDA) flagship global convening event, held every two to three years to unite the NCD movement to promote knowledge exchange, share good practice and strengthen capacity to advocate for prevention and control of\u00a0NCDs.\" \/>\n<meta property=\"og:url\" content=\"https:\/\/forum.ncdalliance.org\/fr\/about\/\" \/>\n<meta property=\"og:site_name\" content=\"4th Global NCD Alliance Forum\" \/>\n<meta property=\"article:publisher\" content=\"https:\/\/www.facebook.com\/ncdalliance\" \/>\n<meta property=\"article:modified_time\" content=\"2026-01-29T16:43:47+00:00\" \/>\n<meta property=\"og:image\" content=\"https:\/\/forum.ncdalliance.org\/wp-content\/uploads\/2024\/10\/NCDA_Forum_2025-social_card-1200x800-1.jpg\" \/>\n\t<meta property=\"og:image:width\" content=\"1200\" \/>\n\t<meta property=\"og:image:height\" content=\"800\" \/>\n\t<meta property=\"og:image:type\" content=\"image\/jpeg\" \/>\n<meta name=\"twitter:card\" content=\"summary_large_image\" \/>\n<meta name=\"twitter:site\" content=\"@ncdalliance\" \/>\n<meta name=\"twitter:label1\" content=\"Dur\u00e9e de lecture estim\u00e9e\" \/>\n\t<meta name=\"twitter:data1\" content=\"3 minutes\" \/>\n<script type=\"application\/ld+json\" class=\"yoast-schema-graph\">{\"@context\":\"https:\/\/schema.org\",\"@graph\":[{\"@type\":\"WebPage\",\"@id\":\"https:\/\/forum.ncdalliance.org\/about\/\",\"url\":\"https:\/\/forum.ncdalliance.org\/about\/\",\"name\":\"About - 4th Global NCD Alliance Forum\",\"isPartOf\":{\"@id\":\"https:\/\/forum.ncdalliance.org\/#website\"},\"primaryImageOfPage\":{\"@id\":\"https:\/\/forum.ncdalliance.org\/about\/#primaryimage\"},\"image\":{\"@id\":\"https:\/\/forum.ncdalliance.org\/about\/#primaryimage\"},\"thumbnailUrl\":\"https:\/\/forum.ncdalliance.org\/wp-content\/uploads\/2024\/10\/NCDA_Forum_2025-social_card-1200x800-1.jpg\",\"datePublished\":\"2024-03-20T17:30:31+00:00\",\"dateModified\":\"2026-01-29T16:43:47+00:00\",\"description\":\"The Global NCD Alliance Forum is NCD Alliance\u2019s (NCDA) flagship global convening event, held every two to three years to unite the NCD movement to promote knowledge exchange, share good practice and strengthen capacity to advocate for prevention and control of\u00a0NCDs.\",\"breadcrumb\":{\"@id\":\"https:\/\/forum.ncdalliance.org\/about\/#breadcrumb\"},\"inLanguage\":\"fr-FR\",\"potentialAction\":[{\"@type\":\"ReadAction\",\"target\":[\"https:\/\/forum.ncdalliance.org\/about\/\"]}]},{\"@type\":\"ImageObject\",\"inLanguage\":\"fr-FR\",\"@id\":\"https:\/\/forum.ncdalliance.org\/about\/#primaryimage\",\"url\":\"https:\/\/forum.ncdalliance.org\/wp-content\/uploads\/2024\/10\/NCDA_Forum_2025-social_card-1200x800-1.jpg\",\"contentUrl\":\"https:\/\/forum.ncdalliance.org\/wp-content\/uploads\/2024\/10\/NCDA_Forum_2025-social_card-1200x800-1.jpg\",\"width\":1200,\"height\":800,\"caption\":\"2025 Global NCD Alliance Forum hero\"},{\"@type\":\"BreadcrumbList\",\"@id\":\"https:\/\/forum.ncdalliance.org\/about\/#breadcrumb\",\"itemListElement\":[{\"@type\":\"ListItem\",\"position\":1,\"name\":\"Home\",\"item\":\"https:\/\/forum.ncdalliance.org\/\"},{\"@type\":\"ListItem\",\"position\":2,\"name\":\"About\"}]},{\"@type\":\"WebSite\",\"@id\":\"https:\/\/forum.ncdalliance.org\/#website\",\"url\":\"https:\/\/forum.ncdalliance.org\/\",\"name\":\"2024 Global NCD Alliance Forum\",\"description\":\"\",\"publisher\":{\"@id\":\"https:\/\/forum.ncdalliance.org\/#organization\"},\"potentialAction\":[{\"@type\":\"SearchAction\",\"target\":{\"@type\":\"EntryPoint\",\"urlTemplate\":\"https:\/\/forum.ncdalliance.org\/?s={search_term_string}\"},\"query-input\":{\"@type\":\"PropertyValueSpecification\",\"valueRequired\":true,\"valueName\":\"search_term_string\"}}],\"inLanguage\":\"fr-FR\"},{\"@type\":\"Organization\",\"@id\":\"https:\/\/forum.ncdalliance.org\/#organization\",\"name\":\"2024 Global NCD Alliance Forum\",\"url\":\"https:\/\/forum.ncdalliance.org\/\",\"logo\":{\"@type\":\"ImageObject\",\"inLanguage\":\"fr-FR\",\"@id\":\"https:\/\/forum.ncdalliance.org\/#\/schema\/logo\/image\/\",\"url\":\"https:\/\/forum.ncdalliance.org\/wp-content\/uploads\/2024\/10\/GF2025-logo-1300x584-EN.png\",\"contentUrl\":\"https:\/\/forum.ncdalliance.org\/wp-content\/uploads\/2024\/10\/GF2025-logo-1300x584-EN.png\",\"width\":1300,\"height\":584,\"caption\":\"2024 Global NCD Alliance Forum\"},\"image\":{\"@id\":\"https:\/\/forum.ncdalliance.org\/#\/schema\/logo\/image\/\"},\"sameAs\":[\"https:\/\/www.facebook.com\/ncdalliance\",\"https:\/\/x.com\/ncdalliance\",\"https:\/\/www.linkedin.com\/company\/ncd-alliance\",\"https:\/\/www.youtube.com\/c\/NCDAllianceOrg\",\"https:\/\/www.instagram.com\/ncdalliance\",\"https:\/\/www.tiktok.com\/@ncdalliance\"]}]}<\/script>\n<!-- \/ Yoast SEO plugin. -->","yoast_head_json":{"title":"About - 4th Global NCD Alliance Forum","description":"The Global NCD Alliance Forum is NCD Alliance\u2019s (NCDA) flagship global convening event, held every two to three years to unite the NCD movement to promote knowledge exchange, share good practice and strengthen capacity to advocate for prevention and control of\u00a0NCDs.","robots":{"index":"index","follow":"follow","max-snippet":"max-snippet:-1","max-image-preview":"max-image-preview:large","max-video-preview":"max-video-preview:-1"},"canonical":"https:\/\/forum.ncdalliance.org\/fr\/about\/","og_locale":"fr_FR","og_type":"article","og_title":"About - 4th Global NCD Alliance Forum","og_description":"The Global NCD Alliance Forum is NCD Alliance\u2019s (NCDA) flagship global convening event, held every two to three years to unite the NCD movement to promote knowledge exchange, share good practice and strengthen capacity to advocate for prevention and control of\u00a0NCDs.","og_url":"https:\/\/forum.ncdalliance.org\/fr\/about\/","og_site_name":"4th Global NCD Alliance Forum","article_publisher":"https:\/\/www.facebook.com\/ncdalliance","article_modified_time":"2026-01-29T16:43:47+00:00","og_image":[{"width":1200,"height":800,"url":"https:\/\/forum.ncdalliance.org\/wp-content\/uploads\/2024\/10\/NCDA_Forum_2025-social_card-1200x800-1.jpg","type":"image\/jpeg"}],"twitter_card":"summary_large_image","twitter_site":"@ncdalliance","twitter_misc":{"Dur\u00e9e de lecture estim\u00e9e":"3 minutes"},"schema":{"@context":"https:\/\/schema.org","@graph":[{"@type":"WebPage","@id":"https:\/\/forum.ncdalliance.org\/about\/","url":"https:\/\/forum.ncdalliance.org\/about\/","name":"About - 4th Global NCD Alliance Forum","isPartOf":{"@id":"https:\/\/forum.ncdalliance.org\/#website"},"primaryImageOfPage":{"@id":"https:\/\/forum.ncdalliance.org\/about\/#primaryimage"},"image":{"@id":"https:\/\/forum.ncdalliance.org\/about\/#primaryimage"},"thumbnailUrl":"https:\/\/forum.ncdalliance.org\/wp-content\/uploads\/2024\/10\/NCDA_Forum_2025-social_card-1200x800-1.jpg","datePublished":"2024-03-20T17:30:31+00:00","dateModified":"2026-01-29T16:43:47+00:00","description":"The Global NCD Alliance Forum is NCD Alliance\u2019s (NCDA) flagship global convening event, held every two to three years to unite the NCD movement to promote knowledge exchange, share good practice and strengthen capacity to advocate for prevention and control of\u00a0NCDs.","breadcrumb":{"@id":"https:\/\/forum.ncdalliance.org\/about\/#breadcrumb"},"inLanguage":"fr-FR","potentialAction":[{"@type":"ReadAction","target":["https:\/\/forum.ncdalliance.org\/about\/"]}]},{"@type":"ImageObject","inLanguage":"fr-FR","@id":"https:\/\/forum.ncdalliance.org\/about\/#primaryimage","url":"https:\/\/forum.ncdalliance.org\/wp-content\/uploads\/2024\/10\/NCDA_Forum_2025-social_card-1200x800-1.jpg","contentUrl":"https:\/\/forum.ncdalliance.org\/wp-content\/uploads\/2024\/10\/NCDA_Forum_2025-social_card-1200x800-1.jpg","width":1200,"height":800,"caption":"2025 Global NCD Alliance Forum hero"},{"@type":"BreadcrumbList","@id":"https:\/\/forum.ncdalliance.org\/about\/#breadcrumb","itemListElement":[{"@type":"ListItem","position":1,"name":"Home","item":"https:\/\/forum.ncdalliance.org\/"},{"@type":"ListItem","position":2,"name":"About"}]},{"@type":"WebSite","@id":"https:\/\/forum.ncdalliance.org\/#website","url":"https:\/\/forum.ncdalliance.org\/","name":"2024 Global NCD Alliance Forum","description":"","publisher":{"@id":"https:\/\/forum.ncdalliance.org\/#organization"},"potentialAction":[{"@type":"SearchAction","target":{"@type":"EntryPoint","urlTemplate":"https:\/\/forum.ncdalliance.org\/?s={search_term_string}"},"query-input":{"@type":"PropertyValueSpecification","valueRequired":true,"valueName":"search_term_string"}}],"inLanguage":"fr-FR"},{"@type":"Organization","@id":"https:\/\/forum.ncdalliance.org\/#organization","name":"2024 Global NCD Alliance Forum","url":"https:\/\/forum.ncdalliance.org\/","logo":{"@type":"ImageObject","inLanguage":"fr-FR","@id":"https:\/\/forum.ncdalliance.org\/#\/schema\/logo\/image\/","url":"https:\/\/forum.ncdalliance.org\/wp-content\/uploads\/2024\/10\/GF2025-logo-1300x584-EN.png","contentUrl":"https:\/\/forum.ncdalliance.org\/wp-content\/uploads\/2024\/10\/GF2025-logo-1300x584-EN.png","width":1300,"height":584,"caption":"2024 Global NCD Alliance Forum"},"image":{"@id":"https:\/\/forum.ncdalliance.org\/#\/schema\/logo\/image\/"},"sameAs":["https:\/\/www.facebook.com\/ncdalliance","https:\/\/x.com\/ncdalliance","https:\/\/www.linkedin.com\/company\/ncd-alliance","https:\/\/www.youtube.com\/c\/NCDAllianceOrg","https:\/\/www.instagram.com\/ncdalliance","https:\/\/www.tiktok.com\/@ncdalliance"]}]}},"_links":{"self":[{"href":"https:\/\/forum.ncdalliance.org\/fr\/wp-json\/wp\/v2\/pages\/702","targetHints":{"allow":["GET"]}}],"collection":[{"href":"https:\/\/forum.ncdalliance.org\/fr\/wp-json\/wp\/v2\/pages"}],"about":[{"href":"https:\/\/forum.ncdalliance.org\/fr\/wp-json\/wp\/v2\/types\/page"}],"author":[{"embeddable":true,"href":"https:\/\/forum.ncdalliance.org\/fr\/wp-json\/wp\/v2\/users\/1"}],"replies":[{"embeddable":true,"href":"https:\/\/forum.ncdalliance.org\/fr\/wp-json\/wp\/v2\/comments?post=702"}],"version-history":[{"count":75,"href":"https:\/\/forum.ncdalliance.org\/fr\/wp-json\/wp\/v2\/pages\/702\/revisions"}],"predecessor-version":[{"id":6099,"href":"https:\/\/forum.ncdalliance.org\/fr\/wp-json\/wp\/v2\/pages\/702\/revisions\/6099"}],"wp:featuredmedia":[{"embeddable":true,"href":"https:\/\/forum.ncdalliance.org\/fr\/wp-json\/wp\/v2\/media\/3491"}],"wp:attachment":[{"href":"https:\/\/forum.ncdalliance.org\/fr\/wp-json\/wp\/v2\/media?parent=702"}],"curies":[{"name":"wp","href":"https:\/\/api.w.org\/{rel}","templated":true}]}}