{"id":717,"date":"2024-03-20T18:41:58","date_gmt":"2024-03-20T17:41:58","guid":{"rendered":"https:\/\/forum.ncdalliance.org\/?page_id=717"},"modified":"2026-01-29T18:11:41","modified_gmt":"2026-01-29T17:11:41","slug":"organisers","status":"publish","type":"page","link":"https:\/\/forum.ncdalliance.org\/fr\/organisers\/","title":{"rendered":"Organisateurs"},"content":{"rendered":"<div data-elementor-type=\"wp-page\" data-elementor-id=\"717\" class=\"elementor elementor-717\" data-elementor-post-type=\"page\">\n\t\t\t\t<div class=\"elementor-element elementor-element-243951e e-flex e-con-boxed e-con e-parent\" data-id=\"243951e\" data-element_type=\"container\">\n\t\t\t\t\t<div class=\"e-con-inner\">\n\t\t<div class=\"elementor-element elementor-element-fc87290 e-con-full e-flex e-con e-child\" data-id=\"fc87290\" data-element_type=\"container\">\n\t\t\t\t<div class=\"elementor-element elementor-element-7334afa elementor-widget elementor-widget-image\" data-id=\"7334afa\" data-element_type=\"widget\" data-widget_type=\"image.default\">\n\t\t\t\t<div class=\"elementor-widget-container\">\n\t\t\t\t\t\t\t\t\t\t\t\t\t\t\t<img fetchpriority=\"high\" decoding=\"async\" width=\"800\" height=\"225\" src=\"https:\/\/forum.ncdalliance.org\/wp-content\/uploads\/2024\/03\/NCDA-logo-dark-1200x338-1-1024x288.png\" class=\"attachment-large size-large wp-image-930\" alt=\"\" srcset=\"https:\/\/forum.ncdalliance.org\/wp-content\/uploads\/2024\/03\/NCDA-logo-dark-1200x338-1-1024x288.png 1024w, https:\/\/forum.ncdalliance.org\/wp-content\/uploads\/2024\/03\/NCDA-logo-dark-1200x338-1-300x85.png 300w, https:\/\/forum.ncdalliance.org\/wp-content\/uploads\/2024\/03\/NCDA-logo-dark-1200x338-1-768x216.png 768w, https:\/\/forum.ncdalliance.org\/wp-content\/uploads\/2024\/03\/NCDA-logo-dark-1200x338-1-18x5.png 18w, https:\/\/forum.ncdalliance.org\/wp-content\/uploads\/2024\/03\/NCDA-logo-dark-1200x338-1.png 1200w\" sizes=\"(max-width: 800px) 100vw, 800px\" \/>\t\t\t\t\t\t\t\t\t\t\t\t\t\t\t<\/div>\n\t\t\t\t<\/div>\n\t\t\t\t<div class=\"elementor-element elementor-element-55bcdbc elementor-align-center elementor-widget elementor-widget-button\" data-id=\"55bcdbc\" data-element_type=\"widget\" data-widget_type=\"button.default\">\n\t\t\t\t<div class=\"elementor-widget-container\">\n\t\t\t\t\t\t\t\t\t<div class=\"elementor-button-wrapper\">\n\t\t\t\t\t<a class=\"elementor-button elementor-button-link elementor-size-sm\" href=\"https:\/\/ncdalliance.org\" target=\"_blank\">\n\t\t\t\t\t\t<span class=\"elementor-button-content-wrapper\">\n\t\t\t\t\t\t<span class=\"elementor-button-icon\">\n\t\t\t\t<svg aria-hidden=\"true\" class=\"e-font-icon-svg e-fas-external-link-alt\" viewbox=\"0 0 512 512\" xmlns=\"http:\/\/www.w3.org\/2000\/svg\"><path d=\"M432,320H400a16,16,0,0,0-16,16V448H64V128H208a16,16,0,0,0,16-16V80a16,16,0,0,0-16-16H48A48,48,0,0,0,0,112V464a48,48,0,0,0,48,48H400a48,48,0,0,0,48-48V336A16,16,0,0,0,432,320ZM488,0h-128c-21.37,0-32.05,25.91-17,41l35.73,35.73L135,320.37a24,24,0,0,0,0,34L157.67,377a24,24,0,0,0,34,0L435.28,133.32,471,169c15,15,41,4.5,41-17V24A24,24,0,0,0,488,0Z\"><\/path><\/svg>\t\t\t<\/span>\n\t\t\t\t\t\t\t\t\t<span class=\"elementor-button-text\">ncdalliance.org<\/span>\n\t\t\t\t\t<\/span>\n\t\t\t\t\t<\/a>\n\t\t\t\t<\/div>\n\t\t\t\t\t\t\t\t<\/div>\n\t\t\t\t<\/div>\n\t\t\t\t<\/div>\n\t\t<div class=\"elementor-element elementor-element-3938eea e-con-full e-flex e-con e-child\" data-id=\"3938eea\" data-element_type=\"container\">\n\t\t\t\t<div class=\"elementor-element elementor-element-d257937 elementor-widget elementor-widget-heading\" data-id=\"d257937\" data-element_type=\"widget\" data-widget_type=\"heading.default\">\n\t\t\t\t<div class=\"elementor-widget-container\">\n\t\t\t\t\t<h2 class=\"elementor-heading-title elementor-size-default\">\u00c0 PROPOS DE L'ALLIANCE SUR LES MNT<\/h2>\t\t\t\t<\/div>\n\t\t\t\t<\/div>\n\t\t\t\t<div class=\"elementor-element elementor-element-3e212b9 elementor-widget elementor-widget-text-editor\" data-id=\"3e212b9\" data-element_type=\"widget\" data-widget_type=\"text-editor.default\">\n\t\t\t\t<div class=\"elementor-widget-container\">\n\t\t\t\t\t\t\t\t\t<p>L'Alliance sur les MNT (NCDA) est une organisation non gouvernementale (ONG) enregistr\u00e9e, bas\u00e9e \u00e0 Gen\u00e8ve, en Suisse, qui se consacre \u00e0 la promotion d'un monde exempt de souffrances, d'incapacit\u00e9s et de d\u00e9c\u00e8s \u00e9vitables caus\u00e9s par les maladies non transmissibles (MNT).<\/p><p>Fond\u00e9e en 2009, la NCDA rassemble un r\u00e9seau unique de plus de 300 membres dans plus de 80 pays en un mouvement mondial de la soci\u00e9t\u00e9 civile respect\u00e9, uni et cr\u00e9dible. Le mouvement est unifi\u00e9 par la nature transversale des facteurs de risque communs, notamment les r\u00e9gimes alimentaires malsains, la consommation d'alcool, le tabagisme, la pollution de l'air et l'inactivit\u00e9 physique, et les solutions syst\u00e9miques pour les MNT chroniques telles que le cancer, les maladies cardiovasculaires, les maladies pulmonaires chroniques, le diab\u00e8te, la sant\u00e9 mentale et les troubles neurologiques.<\/p>\t\t\t\t\t\t\t\t<\/div>\n\t\t\t\t<\/div>\n\t\t\t\t<\/div>\n\t\t\t\t\t<\/div>\n\t\t\t\t<\/div>\n\t\t<div class=\"elementor-element elementor-element-855dabd e-flex e-con-boxed e-con e-parent\" data-id=\"855dabd\" data-element_type=\"container\">\n\t\t\t\t\t<div class=\"e-con-inner\">\n\t\t<div class=\"elementor-element elementor-element-75e9a84 e-con-full e-flex e-con e-child\" data-id=\"75e9a84\" data-element_type=\"container\">\n\t\t\t\t<div class=\"elementor-element elementor-element-afd50a4 elementor-widget elementor-widget-image\" data-id=\"afd50a4\" data-element_type=\"widget\" data-widget_type=\"image.default\">\n\t\t\t\t<div class=\"elementor-widget-container\">\n\t\t\t\t\t\t\t\t\t\t\t\t\t\t\t<img decoding=\"async\" width=\"436\" height=\"223\" src=\"https:\/\/forum.ncdalliance.org\/wp-content\/uploads\/2024\/03\/logo-Rwanda_alliance-dark.png\" class=\"attachment-large size-large wp-image-928\" alt=\"Rwanda NCD Alliance logo\" srcset=\"https:\/\/forum.ncdalliance.org\/wp-content\/uploads\/2024\/03\/logo-Rwanda_alliance-dark.png 436w, https:\/\/forum.ncdalliance.org\/wp-content\/uploads\/2024\/03\/logo-Rwanda_alliance-dark-300x153.png 300w, https:\/\/forum.ncdalliance.org\/wp-content\/uploads\/2024\/03\/logo-Rwanda_alliance-dark-18x9.png 18w\" sizes=\"(max-width: 436px) 100vw, 436px\" \/>\t\t\t\t\t\t\t\t\t\t\t\t\t\t\t<\/div>\n\t\t\t\t<\/div>\n\t\t\t\t<div class=\"elementor-element elementor-element-8d0eed9 elementor-align-center elementor-widget elementor-widget-button\" data-id=\"8d0eed9\" data-element_type=\"widget\" data-widget_type=\"button.default\">\n\t\t\t\t<div class=\"elementor-widget-container\">\n\t\t\t\t\t\t\t\t\t<div class=\"elementor-button-wrapper\">\n\t\t\t\t\t<a class=\"elementor-button elementor-button-link elementor-size-sm\" href=\"https:\/\/www.rwandancda.org\/\" target=\"_blank\">\n\t\t\t\t\t\t<span class=\"elementor-button-content-wrapper\">\n\t\t\t\t\t\t<span class=\"elementor-button-icon\">\n\t\t\t\t<svg aria-hidden=\"true\" class=\"e-font-icon-svg e-fas-external-link-alt\" viewbox=\"0 0 512 512\" xmlns=\"http:\/\/www.w3.org\/2000\/svg\"><path d=\"M432,320H400a16,16,0,0,0-16,16V448H64V128H208a16,16,0,0,0,16-16V80a16,16,0,0,0-16-16H48A48,48,0,0,0,0,112V464a48,48,0,0,0,48,48H400a48,48,0,0,0,48-48V336A16,16,0,0,0,432,320ZM488,0h-128c-21.37,0-32.05,25.91-17,41l35.73,35.73L135,320.37a24,24,0,0,0,0,34L157.67,377a24,24,0,0,0,34,0L435.28,133.32,471,169c15,15,41,4.5,41-17V24A24,24,0,0,0,488,0Z\"><\/path><\/svg>\t\t\t<\/span>\n\t\t\t\t\t\t\t\t\t<span class=\"elementor-button-text\">rwandancda.org<\/span>\n\t\t\t\t\t<\/span>\n\t\t\t\t\t<\/a>\n\t\t\t\t<\/div>\n\t\t\t\t\t\t\t\t<\/div>\n\t\t\t\t<\/div>\n\t\t\t\t<\/div>\n\t\t<div class=\"elementor-element elementor-element-4848613 e-con-full e-flex e-con e-child\" data-id=\"4848613\" data-element_type=\"container\">\n\t\t\t\t<div class=\"elementor-element elementor-element-438512f elementor-widget elementor-widget-heading\" data-id=\"438512f\" data-element_type=\"widget\" data-widget_type=\"heading.default\">\n\t\t\t\t<div class=\"elementor-widget-container\">\n\t\t\t\t\t<h2 class=\"elementor-heading-title elementor-size-default\">\u00c0 PROPOS DE L'ALLIANCE SUR LES MNT DE RWANDA<\/h2>\t\t\t\t<\/div>\n\t\t\t\t<\/div>\n\t\t\t\t<div class=\"elementor-element elementor-element-9a8008c elementor-widget elementor-widget-text-editor\" data-id=\"9a8008c\" data-element_type=\"widget\" data-widget_type=\"text-editor.default\">\n\t\t\t\t<div class=\"elementor-widget-container\">\n\t\t\t\t\t\t\t\t\t<p>L'Alliance sur les MNT de Rwanda est un r\u00e9seau unique de la soci\u00e9t\u00e9 civile, fond\u00e9 en 2016 et r\u00e9unissant 25 organisations (personnes vivant avec des MNT, professionnels de la sant\u00e9 et organisations dirig\u00e9es par des jeunes et institutions priv\u00e9es) travaillant sur les MNT au Rwanda.<\/p><p>Sa mission est d'unir les efforts et de cr\u00e9er une voix puissante pour la sensibilisation aux MNT, de plaider pour la pr\u00e9vention et le contr\u00f4le des MNT et de leurs facteurs de risque au Rwanda, en promouvant les partenariats multisectoriels, l'\u00e9ducation \u00e0 un mode de vie sain, la d\u00e9tection pr\u00e9coce et la r\u00e9ponse aux d\u00e9fis des MNT afin d'am\u00e9liorer la sant\u00e9 et le bien-\u00eatre.<\/p>\t\t\t\t\t\t\t\t<\/div>\n\t\t\t\t<\/div>\n\t\t\t\t<div class=\"elementor-element elementor-element-0ae6798 elementor-blockquote--skin-border elementor-blockquote--button-view-icon-text elementor-blockquote--button-skin-classic elementor-widget elementor-widget-blockquote\" data-id=\"0ae6798\" data-element_type=\"widget\" data-widget_type=\"blockquote.default\">\n\t\t\t\t<div class=\"elementor-widget-container\">\n\t\t\t\t\t\t\t<blockquote class=\"elementor-blockquote\">\n\t\t\t<p class=\"elementor-blockquote__content\">\n\t\t\t\t\"Nous sommes fiers d'\u00eatre l'organisation h\u00f4te locale de la quatri\u00e8me \u00e9dition du Forum mondial. Le fardeau des MNT s'est consid\u00e9rablement accru au fil des ans en Afrique. Le Forum mondiale de l'Alliance sur les MNT arrive \u00e0 point nomm\u00e9 et constitue une occasion cruciale de pr\u00e9senter les meilleures pratiques et de contribuer \u00e0 acc\u00e9l\u00e9rer les progr\u00e8s contre le fardeau des MNT au Rwanda, dans la r\u00e9gion et dans le monde entier.\"\t\t\t<\/p>\n\t\t\t\t\t\t\t<div class=\"e-q-footer\">\n\t\t\t\t\t\t\t\t\t\t\t<cite class=\"elementor-blockquote__author\">Prof. Joseph Mucumbitsi, pr\u00e9sident du conseil de la Rwanda NCD Alliance et pr\u00e9sident de la East Africa NCD Alliance<\/cite>\n\t\t\t\t\t\t\t\t\t\t\t\t\t\t\t\t<a href=\"https:\/\/twitter.com\/intent\/tweet?text=%22Nous+sommes+fiers+d%27%C3%AAtre+l%27organisation+h%C3%B4te+locale+de+la+quatri%C3%A8me+%C3%A9dition+du+Forum+mondial.+Le+fardeau+des+MNT+s%27est+consid%C3%A9rablement+accru+au+fil+des+ans+en+Afrique.+Le+Forum+mondiale+de+l%27Alliance+sur+les+MNT+arrive+%C3%A0+point+nomm%C3%A9+et+constitue+une+occasion+cruciale+de+pr%C3%A9senter+les+meilleures+pratiques+et+de+contribuer+%C3%A0+acc%C3%A9l%C3%A9rer+les+progr%C3%A8s+contre+le+fardeau+des+MNT+au+Rwanda%2C+dans+la+r%C3%A9gion+et+dans+le+monde+entier.%22+%E2%80%94+Prof.+Joseph+Mucumbitsi%2C+pr%C3%A9sident+du+conseil+de+la+Rwanda+NCD+Alliance+et+pr%C3%A9sident+de+la+East+Africa+NCD+Alliance&amp;url=https%3A%2F%2Fforum.ncdalliance.org%2Ffr%2Fwp-json%2Fwp%2Fv2%2Fpages%2F717\" class=\"elementor-blockquote__tweet-button\" target=\"_blank\">\n\t\t\t\t\t\t\t\t\t\t\t\t\t\t\t<svg aria-hidden=\"true\" class=\"e-font-icon-svg e-fab-twitter\" viewbox=\"0 0 512 512\" xmlns=\"http:\/\/www.w3.org\/2000\/svg\"><path d=\"M459.37 151.716c.325 4.548.325 9.097.325 13.645 0 138.72-105.583 298.558-298.558 298.558-59.452 0-114.68-17.219-161.137-47.106 8.447.974 16.568 1.299 25.34 1.299 49.055 0 94.213-16.568 130.274-44.832-46.132-.975-84.792-31.188-98.112-72.772 6.498.974 12.995 1.624 19.818 1.624 9.421 0 18.843-1.3 27.614-3.573-48.081-9.747-84.143-51.98-84.143-102.985v-1.299c13.969 7.797 30.214 12.67 47.431 13.319-28.264-18.843-46.781-51.005-46.781-87.391 0-19.492 5.197-37.36 14.294-52.954 51.655 63.675 129.3 105.258 216.365 109.807-1.624-7.797-2.599-15.918-2.599-24.04 0-57.828 46.782-104.934 104.934-104.934 30.213 0 57.502 12.67 76.67 33.137 23.715-4.548 46.456-13.32 66.599-25.34-7.798 24.366-24.366 44.833-46.132 57.827 21.117-2.273 41.584-8.122 60.426-16.243-14.292 20.791-32.161 39.308-52.628 54.253z\"><\/path><\/svg>\t\t\t\t\t\t\t\t\t\t\t\t\t\t\t\t\t\t\t\t\t\t\t\t\t\t\t\t\t\t<span class=\"elementor-blockquote__tweet-label\">Tweeter<\/span>\n\t\t\t\t\t\t\t\t\t\t\t\t\t<\/a>\n\t\t\t\t\t\t\t\t\t<\/div>\n\t\t\t\t\t<\/blockquote>\n\t\t\t\t\t\t<\/div>\n\t\t\t\t<\/div>\n\t\t\t\t<\/div>\n\t\t\t\t\t<\/div>\n\t\t\t\t<\/div>\n\t\t\t\t<\/div>","protected":false},"excerpt":{"rendered":"<p>NCD Alliance organised the 2025 Forum in partnership with local host organisation, the Rwanda NCD Alliance.<\/p>","protected":false},"author":1,"featured_media":3491,"parent":0,"menu_order":0,"comment_status":"closed","ping_status":"closed","template":"","meta":{"footnotes":""},"class_list":["post-717","page","type-page","status-publish","has-post-thumbnail","hentry"],"yoast_head":"<!-- This site is optimized with the Yoast SEO plugin v26.3 - https:\/\/yoast.com\/wordpress\/plugins\/seo\/ -->\n<title>Organisers - 4th Global NCD Alliance Forum<\/title>\n<meta name=\"description\" content=\"NCD Alliance organised the 2025 Forum in partnership with local host organisation, the Rwanda NCD Alliance.\" \/>\n<meta name=\"robots\" content=\"index, follow, max-snippet:-1, max-image-preview:large, max-video-preview:-1\" \/>\n<link rel=\"canonical\" href=\"https:\/\/forum.ncdalliance.org\/fr\/organisers\/\" \/>\n<meta property=\"og:locale\" content=\"fr_FR\" \/>\n<meta property=\"og:type\" content=\"article\" \/>\n<meta property=\"og:title\" content=\"Organisers - 4th Global NCD Alliance Forum\" \/>\n<meta property=\"og:description\" content=\"NCD Alliance organised the 2025 Forum in partnership with local host organisation, the Rwanda NCD Alliance.\" \/>\n<meta property=\"og:url\" content=\"https:\/\/forum.ncdalliance.org\/fr\/organisers\/\" \/>\n<meta property=\"og:site_name\" content=\"4th Global NCD Alliance Forum\" \/>\n<meta property=\"article:publisher\" content=\"https:\/\/www.facebook.com\/ncdalliance\" \/>\n<meta property=\"article:modified_time\" content=\"2026-01-29T17:11:41+00:00\" \/>\n<meta property=\"og:image\" content=\"https:\/\/forum.ncdalliance.org\/wp-content\/uploads\/2024\/10\/NCDA_Forum_2025-social_card-1200x800-1.jpg\" \/>\n\t<meta property=\"og:image:width\" content=\"1200\" \/>\n\t<meta property=\"og:image:height\" content=\"800\" \/>\n\t<meta property=\"og:image:type\" content=\"image\/jpeg\" \/>\n<meta name=\"twitter:card\" content=\"summary_large_image\" \/>\n<meta name=\"twitter:site\" content=\"@ncdalliance\" \/>\n<meta name=\"twitter:label1\" content=\"Dur\u00e9e de lecture estim\u00e9e\" \/>\n\t<meta name=\"twitter:data1\" content=\"2 minutes\" \/>\n<script type=\"application\/ld+json\" class=\"yoast-schema-graph\">{\"@context\":\"https:\/\/schema.org\",\"@graph\":[{\"@type\":\"WebPage\",\"@id\":\"https:\/\/forum.ncdalliance.org\/organisers\/\",\"url\":\"https:\/\/forum.ncdalliance.org\/organisers\/\",\"name\":\"Organisers - 4th Global NCD Alliance Forum\",\"isPartOf\":{\"@id\":\"https:\/\/forum.ncdalliance.org\/#website\"},\"primaryImageOfPage\":{\"@id\":\"https:\/\/forum.ncdalliance.org\/organisers\/#primaryimage\"},\"image\":{\"@id\":\"https:\/\/forum.ncdalliance.org\/organisers\/#primaryimage\"},\"thumbnailUrl\":\"https:\/\/forum.ncdalliance.org\/wp-content\/uploads\/2024\/10\/NCDA_Forum_2025-social_card-1200x800-1.jpg\",\"datePublished\":\"2024-03-20T17:41:58+00:00\",\"dateModified\":\"2026-01-29T17:11:41+00:00\",\"description\":\"NCD Alliance organised the 2025 Forum in partnership with local host organisation, the Rwanda NCD Alliance.\",\"breadcrumb\":{\"@id\":\"https:\/\/forum.ncdalliance.org\/organisers\/#breadcrumb\"},\"inLanguage\":\"fr-FR\",\"potentialAction\":[{\"@type\":\"ReadAction\",\"target\":[\"https:\/\/forum.ncdalliance.org\/organisers\/\"]}]},{\"@type\":\"ImageObject\",\"inLanguage\":\"fr-FR\",\"@id\":\"https:\/\/forum.ncdalliance.org\/organisers\/#primaryimage\",\"url\":\"https:\/\/forum.ncdalliance.org\/wp-content\/uploads\/2024\/10\/NCDA_Forum_2025-social_card-1200x800-1.jpg\",\"contentUrl\":\"https:\/\/forum.ncdalliance.org\/wp-content\/uploads\/2024\/10\/NCDA_Forum_2025-social_card-1200x800-1.jpg\",\"width\":1200,\"height\":800,\"caption\":\"2025 Global NCD Alliance Forum hero\"},{\"@type\":\"BreadcrumbList\",\"@id\":\"https:\/\/forum.ncdalliance.org\/organisers\/#breadcrumb\",\"itemListElement\":[{\"@type\":\"ListItem\",\"position\":1,\"name\":\"Home\",\"item\":\"https:\/\/forum.ncdalliance.org\/\"},{\"@type\":\"ListItem\",\"position\":2,\"name\":\"Organisers\"}]},{\"@type\":\"WebSite\",\"@id\":\"https:\/\/forum.ncdalliance.org\/#website\",\"url\":\"https:\/\/forum.ncdalliance.org\/\",\"name\":\"2024 Global NCD Alliance Forum\",\"description\":\"\",\"publisher\":{\"@id\":\"https:\/\/forum.ncdalliance.org\/#organization\"},\"potentialAction\":[{\"@type\":\"SearchAction\",\"target\":{\"@type\":\"EntryPoint\",\"urlTemplate\":\"https:\/\/forum.ncdalliance.org\/?s={search_term_string}\"},\"query-input\":{\"@type\":\"PropertyValueSpecification\",\"valueRequired\":true,\"valueName\":\"search_term_string\"}}],\"inLanguage\":\"fr-FR\"},{\"@type\":\"Organization\",\"@id\":\"https:\/\/forum.ncdalliance.org\/#organization\",\"name\":\"2024 Global NCD Alliance Forum\",\"url\":\"https:\/\/forum.ncdalliance.org\/\",\"logo\":{\"@type\":\"ImageObject\",\"inLanguage\":\"fr-FR\",\"@id\":\"https:\/\/forum.ncdalliance.org\/#\/schema\/logo\/image\/\",\"url\":\"https:\/\/forum.ncdalliance.org\/wp-content\/uploads\/2024\/10\/GF2025-logo-1300x584-EN.png\",\"contentUrl\":\"https:\/\/forum.ncdalliance.org\/wp-content\/uploads\/2024\/10\/GF2025-logo-1300x584-EN.png\",\"width\":1300,\"height\":584,\"caption\":\"2024 Global NCD Alliance Forum\"},\"image\":{\"@id\":\"https:\/\/forum.ncdalliance.org\/#\/schema\/logo\/image\/\"},\"sameAs\":[\"https:\/\/www.facebook.com\/ncdalliance\",\"https:\/\/x.com\/ncdalliance\",\"https:\/\/www.linkedin.com\/company\/ncd-alliance\",\"https:\/\/www.youtube.com\/c\/NCDAllianceOrg\",\"https:\/\/www.instagram.com\/ncdalliance\",\"https:\/\/www.tiktok.com\/@ncdalliance\"]}]}<\/script>\n<!-- \/ Yoast SEO plugin. -->","yoast_head_json":{"title":"Organisers - 4th Global NCD Alliance Forum","description":"NCD Alliance organised the 2025 Forum in partnership with local host organisation, the Rwanda NCD Alliance.","robots":{"index":"index","follow":"follow","max-snippet":"max-snippet:-1","max-image-preview":"max-image-preview:large","max-video-preview":"max-video-preview:-1"},"canonical":"https:\/\/forum.ncdalliance.org\/fr\/organisers\/","og_locale":"fr_FR","og_type":"article","og_title":"Organisers - 4th Global NCD Alliance Forum","og_description":"NCD Alliance organised the 2025 Forum in partnership with local host organisation, the Rwanda NCD Alliance.","og_url":"https:\/\/forum.ncdalliance.org\/fr\/organisers\/","og_site_name":"4th Global NCD Alliance Forum","article_publisher":"https:\/\/www.facebook.com\/ncdalliance","article_modified_time":"2026-01-29T17:11:41+00:00","og_image":[{"width":1200,"height":800,"url":"https:\/\/forum.ncdalliance.org\/wp-content\/uploads\/2024\/10\/NCDA_Forum_2025-social_card-1200x800-1.jpg","type":"image\/jpeg"}],"twitter_card":"summary_large_image","twitter_site":"@ncdalliance","twitter_misc":{"Dur\u00e9e de lecture estim\u00e9e":"2 minutes"},"schema":{"@context":"https:\/\/schema.org","@graph":[{"@type":"WebPage","@id":"https:\/\/forum.ncdalliance.org\/organisers\/","url":"https:\/\/forum.ncdalliance.org\/organisers\/","name":"Organisers - 4th Global NCD Alliance Forum","isPartOf":{"@id":"https:\/\/forum.ncdalliance.org\/#website"},"primaryImageOfPage":{"@id":"https:\/\/forum.ncdalliance.org\/organisers\/#primaryimage"},"image":{"@id":"https:\/\/forum.ncdalliance.org\/organisers\/#primaryimage"},"thumbnailUrl":"https:\/\/forum.ncdalliance.org\/wp-content\/uploads\/2024\/10\/NCDA_Forum_2025-social_card-1200x800-1.jpg","datePublished":"2024-03-20T17:41:58+00:00","dateModified":"2026-01-29T17:11:41+00:00","description":"NCD Alliance organised the 2025 Forum in partnership with local host organisation, the Rwanda NCD Alliance.","breadcrumb":{"@id":"https:\/\/forum.ncdalliance.org\/organisers\/#breadcrumb"},"inLanguage":"fr-FR","potentialAction":[{"@type":"ReadAction","target":["https:\/\/forum.ncdalliance.org\/organisers\/"]}]},{"@type":"ImageObject","inLanguage":"fr-FR","@id":"https:\/\/forum.ncdalliance.org\/organisers\/#primaryimage","url":"https:\/\/forum.ncdalliance.org\/wp-content\/uploads\/2024\/10\/NCDA_Forum_2025-social_card-1200x800-1.jpg","contentUrl":"https:\/\/forum.ncdalliance.org\/wp-content\/uploads\/2024\/10\/NCDA_Forum_2025-social_card-1200x800-1.jpg","width":1200,"height":800,"caption":"2025 Global NCD Alliance Forum hero"},{"@type":"BreadcrumbList","@id":"https:\/\/forum.ncdalliance.org\/organisers\/#breadcrumb","itemListElement":[{"@type":"ListItem","position":1,"name":"Home","item":"https:\/\/forum.ncdalliance.org\/"},{"@type":"ListItem","position":2,"name":"Organisers"}]},{"@type":"WebSite","@id":"https:\/\/forum.ncdalliance.org\/#website","url":"https:\/\/forum.ncdalliance.org\/","name":"2024 Global NCD Alliance Forum","description":"","publisher":{"@id":"https:\/\/forum.ncdalliance.org\/#organization"},"potentialAction":[{"@type":"SearchAction","target":{"@type":"EntryPoint","urlTemplate":"https:\/\/forum.ncdalliance.org\/?s={search_term_string}"},"query-input":{"@type":"PropertyValueSpecification","valueRequired":true,"valueName":"search_term_string"}}],"inLanguage":"fr-FR"},{"@type":"Organization","@id":"https:\/\/forum.ncdalliance.org\/#organization","name":"2024 Global NCD Alliance Forum","url":"https:\/\/forum.ncdalliance.org\/","logo":{"@type":"ImageObject","inLanguage":"fr-FR","@id":"https:\/\/forum.ncdalliance.org\/#\/schema\/logo\/image\/","url":"https:\/\/forum.ncdalliance.org\/wp-content\/uploads\/2024\/10\/GF2025-logo-1300x584-EN.png","contentUrl":"https:\/\/forum.ncdalliance.org\/wp-content\/uploads\/2024\/10\/GF2025-logo-1300x584-EN.png","width":1300,"height":584,"caption":"2024 Global NCD Alliance Forum"},"image":{"@id":"https:\/\/forum.ncdalliance.org\/#\/schema\/logo\/image\/"},"sameAs":["https:\/\/www.facebook.com\/ncdalliance","https:\/\/x.com\/ncdalliance","https:\/\/www.linkedin.com\/company\/ncd-alliance","https:\/\/www.youtube.com\/c\/NCDAllianceOrg","https:\/\/www.instagram.com\/ncdalliance","https:\/\/www.tiktok.com\/@ncdalliance"]}]}},"_links":{"self":[{"href":"https:\/\/forum.ncdalliance.org\/fr\/wp-json\/wp\/v2\/pages\/717","targetHints":{"allow":["GET"]}}],"collection":[{"href":"https:\/\/forum.ncdalliance.org\/fr\/wp-json\/wp\/v2\/pages"}],"about":[{"href":"https:\/\/forum.ncdalliance.org\/fr\/wp-json\/wp\/v2\/types\/page"}],"author":[{"embeddable":true,"href":"https:\/\/forum.ncdalliance.org\/fr\/wp-json\/wp\/v2\/users\/1"}],"replies":[{"embeddable":true,"href":"https:\/\/forum.ncdalliance.org\/fr\/wp-json\/wp\/v2\/comments?post=717"}],"version-history":[{"count":38,"href":"https:\/\/forum.ncdalliance.org\/fr\/wp-json\/wp\/v2\/pages\/717\/revisions"}],"predecessor-version":[{"id":6116,"href":"https:\/\/forum.ncdalliance.org\/fr\/wp-json\/wp\/v2\/pages\/717\/revisions\/6116"}],"wp:featuredmedia":[{"embeddable":true,"href":"https:\/\/forum.ncdalliance.org\/fr\/wp-json\/wp\/v2\/media\/3491"}],"wp:attachment":[{"href":"https:\/\/forum.ncdalliance.org\/fr\/wp-json\/wp\/v2\/media?parent=717"}],"curies":[{"name":"wp","href":"https:\/\/api.w.org\/{rel}","templated":true}]}}